{"id":622,"date":"2018-03-27T11:22:18","date_gmt":"2018-03-27T11:22:18","guid":{"rendered":"http:\/\/phibopress.com\/wat\/"},"modified":"2019-05-07T09:42:11","modified_gmt":"2019-05-07T09:42:11","slug":"quoi","status":"publish","type":"page","link":"https:\/\/phibopress.com\/fr\/quoi\/","title":{"rendered":"Quoi"},"content":{"rendered":"<div class=\"fw-page-builder-content\">\n<h1 class=\"fw-special-title\">Wat<\/h1>\n<p><a name=\"pers\"><\/a><img loading=\"lazy\" decoding=\"async\" class=\"size-full wp-image-207 alignleft\" src=\"http:\/\/phibopress.com\/wp-content\/uploads\/2018\/03\/Layer-11.png\" alt=\"\" width=\"63\" height=\"55\" \/><\/p>\n<h2>Les campagnes de presse de A \u00e0 Z<\/h2>\n<p>Phibo Press Communication travaille principalement pour les PME, les organisateurs de salons et d&rsquo;\u00e9v\u00e9nements, avec des cibles B2B et B2C, et ce sur l&rsquo;ensemble du territoire belge. Les campagnes de presse peuvent \u00eatre reli\u00e9es soit au lancement d&rsquo;un nouveau produit ou d&rsquo;un service, soit \u00e0 l&rsquo;image de votre entreprise, institution ou organisation.<\/p>\n<p>Pour ce type de campagne, les m\u00e9dias vis\u00e9s figurent dans la presse sp\u00e9cialis\u00e9e, les magazines PME, la presse quotidienne et hebdomadaire, les m\u00e9dias en ligne autant que les radio et t\u00e9l\u00e9s r\u00e9gionales et nationales.<\/p>\n<p>En bref :<\/p>\n<p>conseil, strat\u00e9gie, mise en \u0153uvre d&rsquo;une campagne de communication<br \/>\ncopywriting et rewriting de communiqu\u00e9s de presse<br \/>\nr\u00e9daction d\u2019un dossier de fond sur votre structure<br \/>\nd\u00e9tecter les focus \u00e9ditoriaux<br \/>\naugmenter la valeur de vos messages<br \/>\nsuivi personnalis\u00e9 de la presse<br \/>\nmettre en place des interviews pour les magazines, la presse quotidienne et hebdomadaire, la presse radio et tv<br \/>\norganiser et coordonner des conf\u00e9rences de presse<br \/>\ncoaching lors des interviews<br \/>\ncoordination des traductions<br \/>\nmanutention et envoi des informations vers la presse<br \/>\ncollecter toutes les coupures de presse et reportages radiophoniques et t\u00e9l\u00e9visuels.<br \/>\n <img decoding=\"async\" src=\"https:\/\/phibopress.com\/wp-content\/uploads\/2019\/03\/shutterstock_1026068302.jpg\" alt=\"shutterstock_1026068302\" data-maxdpr=\"1.7\" width=\"450\" class=\"lazyload\" \/> <\/p>\n<p><a name=\"copy\"><\/a><\/p>\n<h2><img loading=\"lazy\" decoding=\"async\" class=\"size-full wp-image-207 alignleft\" src=\"http:\/\/phibopress.com\/wp-content\/uploads\/2018\/03\/Layer-11.png\" alt=\"\" width=\"63\" height=\"55\" \/>Copywriting<\/h2>\n<p>Communiqu\u00e9s de presse<br \/>\nDossiers (de fond)<br \/>\nBrochures et d\u00e9pliants d&rsquo;entreprise<br \/>\nT\u00e9moignages et publireportages<br \/>\nLettres de vente<br \/>\nTextes web<br \/>\ndiscours<\/p>\n<p style=\"text-align: center;\">Bent u journalist of blogger en wilt u graag onze persberichten\/achtergronddossiers ontvangen?<\/p>\n<p style=\"text-align: center;\">Vul hieronder uw gegevens in met vermelding van onderwerpen en thema\u2019s die u in het bijzonder interesseren.<\/p>\n<p> <img decoding=\"async\" src=\"\/\/phibopress.com\/wp-content\/uploads\/2018\/03\/notes.png\" alt=\"\" \/> <\/p>\n<h4 class=\"fw-icon-title-text\">\n \u00cates-vous int\u00e9ress\u00e9 par un entretien informel? <\/h4>\n<p> <a id='gf_3' class='gform_anchor' ><\/a><br \/>\n Naam*VoornaamE-mailadres*<br \/>\n Tel.\/GSM*Website*Opmerking<br \/>\n This iframe contains the logic required to handle Ajax powered Gravity Forms.<br \/>\n jQuery(document).ready(function($){gformInitSpinner( 3, &lsquo;http:\/\/phibopress.com\/wp-content\/plugins\/gravityforms\/images\/spinner.gif&rsquo; );jQuery(&lsquo;#gform_ajax_frame_3&rsquo;).on(&lsquo;load&rsquo;,function(){var contents = jQuery(this).contents().find(&lsquo;*&rsquo;).html();var is_postback = contents.indexOf(&lsquo;GF_AJAX_POSTBACK&rsquo;) >= 0;if(!is_postback){return;}var form_content = jQuery(this).contents().find(&lsquo;#gform_wrapper_3&rsquo;);var is_confirmation = jQuery(this).contents().find(&lsquo;#gform_confirmation_wrapper_3&rsquo;).length > 0;var is_redirect = contents.indexOf(&lsquo;gformRedirect(){&lsquo;) >= 0;var is_form = form_content.length > 0 &#038;&#038; ! is_redirect &#038;&#038; ! is_confirmation;if(is_form){jQuery(&lsquo;#gform_wrapper_3&rsquo;).html(form_content.html());if(form_content.hasClass(&lsquo;gform_validation_error&rsquo;)){jQuery(&lsquo;#gform_wrapper_3&rsquo;).addClass(&lsquo;gform_validation_error&rsquo;);} else {jQuery(&lsquo;#gform_wrapper_3&rsquo;).removeClass(&lsquo;gform_validation_error&rsquo;);}setTimeout( function() { \/* delay the scroll by 50 milliseconds to fix a bug in chrome *\/ jQuery(document).scrollTop(jQuery(&lsquo;#gform_wrapper_3&rsquo;).offset().top); }, 50 );if(window[&lsquo;gformInitDatepicker&rsquo;]) {gformInitDatepicker();}if(window[&lsquo;gformInitPriceFields&rsquo;]) {gformInitPriceFields();}var current_page = jQuery(&lsquo;#gform_source_page_number_3&rsquo;).val();gformInitSpinner( 3, &lsquo;http:\/\/phibopress.com\/wp-content\/plugins\/gravityforms\/images\/spinner.gif&rsquo; );jQuery(document).trigger(&lsquo;gform_page_loaded&rsquo;, [3, current_page]);window[&lsquo;gf_submitting_3&rsquo;] = false;}else if(!is_redirect){var confirmation_content = jQuery(this).contents().find(&lsquo;.GF_AJAX_POSTBACK&rsquo;).html();if(!confirmation_content){confirmation_content = contents;}setTimeout(function(){jQuery(&lsquo;#gform_wrapper_3&rsquo;).replaceWith(confirmation_content);jQuery(document).scrollTop(jQuery(&lsquo;#gf_3&rsquo;).offset().top);jQuery(document).trigger(&lsquo;gform_confirmation_loaded&rsquo;, [3]);window[&lsquo;gf_submitting_3&rsquo;] = false;}, 50);}else{jQuery(&lsquo;#gform_3&rsquo;).append(contents);if(window[&lsquo;gformRedirect&rsquo;]) {gformRedirect();}}jQuery(document).trigger(&lsquo;gform_post_render&rsquo;, [3, current_page]);} );} ); if(typeof gf_global == &lsquo;undefined&rsquo;) var gf_global = {\u00ab\u00a0gf_currency_config\u00a0\u00bb:{\u00ab\u00a0name\u00a0\u00bb:\u00a0\u00bbU.S. Dollar\u00a0\u00bb,\u00a0\u00bbsymbol_left\u00a0\u00bb:\u00a0\u00bb$\u00a0\u00bb,\u00a0\u00bbsymbol_right\u00a0\u00bb:\u00a0\u00bb\u00a0\u00bb,\u00a0\u00bbsymbol_padding\u00a0\u00bb:\u00a0\u00bb\u00a0\u00bb,\u00a0\u00bbthousand_separator\u00a0\u00bb:\u00a0\u00bb,\u00a0\u00bb,\u00a0\u00bbdecimal_separator\u00a0\u00bb:\u00a0\u00bb.\u00a0\u00bb,\u00a0\u00bbdecimals\u00a0\u00bb:2},\u00a0\u00bbbase_url\u00a0\u00bb:\u00a0\u00bbhttp:\/\/phibopress.com\/wp-content\/plugins\/gravityforms\u00a0\u00bb,\u00a0\u00bbnumber_formats\u00a0\u00bb:[],\u00a0\u00bbspinnerUrl\u00a0\u00bb:\u00a0\u00bbhttp:\/\/phibopress.com\/wp-content\/plugins\/gravityforms\/images\/spinner.gif\u00a0\u00bb};jQuery(document).bind(&lsquo;gform_post_render&rsquo;, function(event, formId, currentPage){if(formId == 3) {jQuery(&lsquo;#input_3_4&rsquo;).mask(&lsquo;(999) 999-9999&rsquo;).bind(&lsquo;keypress&rsquo;, function(e){if(e.which == 13){jQuery(this).blur();} } );} } );jQuery(document).bind(&lsquo;gform_post_conditional_logic&rsquo;, function(event, formId, fields, isInit){} ); jQuery(document).ready(function(){jQuery(document).trigger(&lsquo;gform_post_render&rsquo;, [3, 1]) } );<br \/>\n <img decoding=\"async\" src=\"\/\/phibopress.com\/wp-content\/uploads\/2018\/03\/notes.png\" alt=\"\" \/> <\/p>\n<h4 class=\"fw-icon-title-text\">\n \u00cates-vous journaliste, blogueur-blogueuse? <\/h4>\n<p> <a id='gf_4' class='gform_anchor' ><\/a><br \/>\n NaamVoornaamE-mailadres<br \/>\n Tel.\/GSMWebsiteMedium\/blogIk heb interesse in persberichten over<br \/>\n This iframe contains the logic required to handle Ajax powered Gravity Forms.<br \/>\n jQuery(document).ready(function($){gformInitSpinner( 4, &lsquo;http:\/\/phibopress.com\/wp-content\/plugins\/gravityforms\/images\/spinner.gif&rsquo; );jQuery(&lsquo;#gform_ajax_frame_4&rsquo;).on(&lsquo;load&rsquo;,function(){var contents = jQuery(this).contents().find(&lsquo;*&rsquo;).html();var is_postback = contents.indexOf(&lsquo;GF_AJAX_POSTBACK&rsquo;) >= 0;if(!is_postback){return;}var form_content = jQuery(this).contents().find(&lsquo;#gform_wrapper_4&rsquo;);var is_confirmation = jQuery(this).contents().find(&lsquo;#gform_confirmation_wrapper_4&rsquo;).length > 0;var is_redirect = contents.indexOf(&lsquo;gformRedirect(){&lsquo;) >= 0;var is_form = form_content.length > 0 &#038;&#038; ! is_redirect &#038;&#038; ! is_confirmation;if(is_form){jQuery(&lsquo;#gform_wrapper_4&rsquo;).html(form_content.html());if(form_content.hasClass(&lsquo;gform_validation_error&rsquo;)){jQuery(&lsquo;#gform_wrapper_4&rsquo;).addClass(&lsquo;gform_validation_error&rsquo;);} else {jQuery(&lsquo;#gform_wrapper_4&rsquo;).removeClass(&lsquo;gform_validation_error&rsquo;);}setTimeout( function() { \/* delay the scroll by 50 milliseconds to fix a bug in chrome *\/ jQuery(document).scrollTop(jQuery(&lsquo;#gform_wrapper_4&rsquo;).offset().top); }, 50 );if(window[&lsquo;gformInitDatepicker&rsquo;]) {gformInitDatepicker();}if(window[&lsquo;gformInitPriceFields&rsquo;]) {gformInitPriceFields();}var current_page = jQuery(&lsquo;#gform_source_page_number_4&rsquo;).val();gformInitSpinner( 4, &lsquo;http:\/\/phibopress.com\/wp-content\/plugins\/gravityforms\/images\/spinner.gif&rsquo; );jQuery(document).trigger(&lsquo;gform_page_loaded&rsquo;, [4, current_page]);window[&lsquo;gf_submitting_4&rsquo;] = false;}else if(!is_redirect){var confirmation_content = jQuery(this).contents().find(&lsquo;.GF_AJAX_POSTBACK&rsquo;).html();if(!confirmation_content){confirmation_content = contents;}setTimeout(function(){jQuery(&lsquo;#gform_wrapper_4&rsquo;).replaceWith(confirmation_content);jQuery(document).scrollTop(jQuery(&lsquo;#gf_4&rsquo;).offset().top);jQuery(document).trigger(&lsquo;gform_confirmation_loaded&rsquo;, [4]);window[&lsquo;gf_submitting_4&rsquo;] = false;}, 50);}else{jQuery(&lsquo;#gform_4&rsquo;).append(contents);if(window[&lsquo;gformRedirect&rsquo;]) {gformRedirect();}}jQuery(document).trigger(&lsquo;gform_post_render&rsquo;, [4, current_page]);} );} ); if(typeof gf_global == &lsquo;undefined&rsquo;) var gf_global = {\u00ab\u00a0gf_currency_config\u00a0\u00bb:{\u00ab\u00a0name\u00a0\u00bb:\u00a0\u00bbU.S. Dollar\u00a0\u00bb,\u00a0\u00bbsymbol_left\u00a0\u00bb:\u00a0\u00bb$\u00a0\u00bb,\u00a0\u00bbsymbol_right\u00a0\u00bb:\u00a0\u00bb\u00a0\u00bb,\u00a0\u00bbsymbol_padding\u00a0\u00bb:\u00a0\u00bb\u00a0\u00bb,\u00a0\u00bbthousand_separator\u00a0\u00bb:\u00a0\u00bb,\u00a0\u00bb,\u00a0\u00bbdecimal_separator\u00a0\u00bb:\u00a0\u00bb.\u00a0\u00bb,\u00a0\u00bbdecimals\u00a0\u00bb:2},\u00a0\u00bbbase_url\u00a0\u00bb:\u00a0\u00bbhttp:\/\/phibopress.com\/wp-content\/plugins\/gravityforms\u00a0\u00bb,\u00a0\u00bbnumber_formats\u00a0\u00bb:[],\u00a0\u00bbspinnerUrl\u00a0\u00bb:\u00a0\u00bbhttp:\/\/phibopress.com\/wp-content\/plugins\/gravityforms\/images\/spinner.gif\u00a0\u00bb};jQuery(document).bind(&lsquo;gform_post_render&rsquo;, function(event, formId, currentPage){if(formId == 4) {jQuery(&lsquo;#input_4_4&rsquo;).mask(&lsquo;(999) 999-9999&rsquo;).bind(&lsquo;keypress&rsquo;, function(e){if(e.which == 13){jQuery(this).blur();} } );} } );jQuery(document).bind(&lsquo;gform_post_conditional_logic&rsquo;, function(event, formId, fields, isInit){} ); jQuery(document).ready(function(){jQuery(document).trigger(&lsquo;gform_post_render&rsquo;, [4, 1]) } ); <\/p>\n<p style=\"text-align: center;\"><img loading=\"lazy\" decoding=\"async\" class=\"alignnone size-full wp-image-215\" src=\"http:\/\/phibopress.com\/wp-content\/uploads\/2018\/03\/Layer-15.png\" alt=\"\" width=\"38\" height=\"38\" \/><a href=\"tel:+320477246443\">+32(0)477 24 64 43<\/a><\/p>\n<p><!-- b2389acc60ec05bbdf19f812721f55ef --><\/div>\n","protected":false},"excerpt":{"rendered":"<p>Wat Les campagnes de presse de A \u00e0 Z Phibo Press Communication travaille principalement pour les PME, les organisateurs de salons et d&rsquo;\u00e9v\u00e9nements, avec des cibles B2B et B2C, et ce sur l&rsquo;ensemble du territoire belge. Les campagnes de presse peuvent \u00eatre reli\u00e9es soit au lancement d&rsquo;un nouveau produit ou d&rsquo;un service, soit \u00e0 l&rsquo;image [&hellip;]<\/p>\n","protected":false},"author":1,"featured_media":0,"parent":0,"menu_order":0,"comment_status":"closed","ping_status":"closed","template":"visual-builder-template.php","meta":{"footnotes":""},"class_list":["post-622","page","type-page","status-publish","hentry"],"yoast_head":"<!-- This site is optimized with the Yoast SEO plugin v26.5 - https:\/\/yoast.com\/wordpress\/plugins\/seo\/ -->\n<title>Quoi - Phibopress.be - Perscommunicatie<\/title>\n<meta name=\"description\" content=\"Wij zijn graag uw gids en intermediair tussen uzelf en de journalisten van de geschreven en audiovisuele pers, om proactief en resultaatgericht een duurzame relatie op te bouwen.\" \/>\n<meta name=\"robots\" content=\"index, follow, max-snippet:-1, max-image-preview:large, max-video-preview:-1\" \/>\n<link rel=\"canonical\" href=\"https:\/\/phibopress.com\/fr\/quoi\/\" \/>\n<meta property=\"og:locale\" content=\"fr_FR\" \/>\n<meta property=\"og:type\" content=\"article\" \/>\n<meta property=\"og:title\" content=\"Quoi - Phibopress.be - Perscommunicatie\" \/>\n<meta property=\"og:description\" content=\"Wij zijn graag uw gids en intermediair tussen uzelf en de journalisten van de geschreven en audiovisuele pers, om proactief en resultaatgericht een duurzame relatie op te bouwen.\" \/>\n<meta property=\"og:url\" content=\"https:\/\/phibopress.com\/fr\/quoi\/\" \/>\n<meta property=\"og:site_name\" content=\"Phibopress.be - Perscommunicatie\" \/>\n<meta property=\"article:modified_time\" content=\"2019-05-07T09:42:11+00:00\" \/>\n<meta property=\"og:image\" content=\"http:\/\/phibopress.com\/wp-content\/uploads\/2018\/03\/Layer-11.png\" \/>\n<meta name=\"twitter:card\" content=\"summary_large_image\" \/>\n<meta name=\"twitter:label1\" content=\"Dur\u00e9e de lecture estim\u00e9e\" \/>\n\t<meta name=\"twitter:data1\" content=\"5 minutes\" \/>\n<script type=\"application\/ld+json\" class=\"yoast-schema-graph\">{\"@context\":\"https:\/\/schema.org\",\"@graph\":[{\"@type\":\"WebPage\",\"@id\":\"https:\/\/phibopress.com\/fr\/quoi\/\",\"url\":\"https:\/\/phibopress.com\/fr\/quoi\/\",\"name\":\"Quoi - Phibopress.be - Perscommunicatie\",\"isPartOf\":{\"@id\":\"https:\/\/phibopress.com\/#website\"},\"primaryImageOfPage\":{\"@id\":\"https:\/\/phibopress.com\/fr\/quoi\/#primaryimage\"},\"image\":{\"@id\":\"https:\/\/phibopress.com\/fr\/quoi\/#primaryimage\"},\"thumbnailUrl\":\"http:\/\/phibopress.com\/wp-content\/uploads\/2018\/03\/Layer-11.png\",\"datePublished\":\"2018-03-27T11:22:18+00:00\",\"dateModified\":\"2019-05-07T09:42:11+00:00\",\"description\":\"Wij zijn graag uw gids en intermediair tussen uzelf en de journalisten van de geschreven en audiovisuele pers, om proactief en resultaatgericht een duurzame relatie op te bouwen.\",\"breadcrumb\":{\"@id\":\"https:\/\/phibopress.com\/fr\/quoi\/#breadcrumb\"},\"inLanguage\":\"fr-FR\",\"potentialAction\":[{\"@type\":\"ReadAction\",\"target\":[\"https:\/\/phibopress.com\/fr\/quoi\/\"]}]},{\"@type\":\"ImageObject\",\"inLanguage\":\"fr-FR\",\"@id\":\"https:\/\/phibopress.com\/fr\/quoi\/#primaryimage\",\"url\":\"http:\/\/phibopress.com\/wp-content\/uploads\/2018\/03\/Layer-11.png\",\"contentUrl\":\"http:\/\/phibopress.com\/wp-content\/uploads\/2018\/03\/Layer-11.png\"},{\"@type\":\"BreadcrumbList\",\"@id\":\"https:\/\/phibopress.com\/fr\/quoi\/#breadcrumb\",\"itemListElement\":[{\"@type\":\"ListItem\",\"position\":1,\"name\":\"Home\",\"item\":\"https:\/\/phibopress.com\/fr\/\"},{\"@type\":\"ListItem\",\"position\":2,\"name\":\"Quoi\"}]},{\"@type\":\"WebSite\",\"@id\":\"https:\/\/phibopress.com\/#website\",\"url\":\"https:\/\/phibopress.com\/\",\"name\":\"Phibopress.be - Perscommunicatie\",\"description\":\"\",\"potentialAction\":[{\"@type\":\"SearchAction\",\"target\":{\"@type\":\"EntryPoint\",\"urlTemplate\":\"https:\/\/phibopress.com\/?s={search_term_string}\"},\"query-input\":{\"@type\":\"PropertyValueSpecification\",\"valueRequired\":true,\"valueName\":\"search_term_string\"}}],\"inLanguage\":\"fr-FR\"}]}<\/script>\n<!-- \/ Yoast SEO plugin. -->","yoast_head_json":{"title":"Quoi - Phibopress.be - Perscommunicatie","description":"Wij zijn graag uw gids en intermediair tussen uzelf en de journalisten van de geschreven en audiovisuele pers, om proactief en resultaatgericht een duurzame relatie op te bouwen.","robots":{"index":"index","follow":"follow","max-snippet":"max-snippet:-1","max-image-preview":"max-image-preview:large","max-video-preview":"max-video-preview:-1"},"canonical":"https:\/\/phibopress.com\/fr\/quoi\/","og_locale":"fr_FR","og_type":"article","og_title":"Quoi - Phibopress.be - Perscommunicatie","og_description":"Wij zijn graag uw gids en intermediair tussen uzelf en de journalisten van de geschreven en audiovisuele pers, om proactief en resultaatgericht een duurzame relatie op te bouwen.","og_url":"https:\/\/phibopress.com\/fr\/quoi\/","og_site_name":"Phibopress.be - Perscommunicatie","article_modified_time":"2019-05-07T09:42:11+00:00","og_image":[{"url":"http:\/\/phibopress.com\/wp-content\/uploads\/2018\/03\/Layer-11.png","type":"","width":"","height":""}],"twitter_card":"summary_large_image","twitter_misc":{"Dur\u00e9e de lecture estim\u00e9e":"5 minutes"},"schema":{"@context":"https:\/\/schema.org","@graph":[{"@type":"WebPage","@id":"https:\/\/phibopress.com\/fr\/quoi\/","url":"https:\/\/phibopress.com\/fr\/quoi\/","name":"Quoi - Phibopress.be - Perscommunicatie","isPartOf":{"@id":"https:\/\/phibopress.com\/#website"},"primaryImageOfPage":{"@id":"https:\/\/phibopress.com\/fr\/quoi\/#primaryimage"},"image":{"@id":"https:\/\/phibopress.com\/fr\/quoi\/#primaryimage"},"thumbnailUrl":"http:\/\/phibopress.com\/wp-content\/uploads\/2018\/03\/Layer-11.png","datePublished":"2018-03-27T11:22:18+00:00","dateModified":"2019-05-07T09:42:11+00:00","description":"Wij zijn graag uw gids en intermediair tussen uzelf en de journalisten van de geschreven en audiovisuele pers, om proactief en resultaatgericht een duurzame relatie op te bouwen.","breadcrumb":{"@id":"https:\/\/phibopress.com\/fr\/quoi\/#breadcrumb"},"inLanguage":"fr-FR","potentialAction":[{"@type":"ReadAction","target":["https:\/\/phibopress.com\/fr\/quoi\/"]}]},{"@type":"ImageObject","inLanguage":"fr-FR","@id":"https:\/\/phibopress.com\/fr\/quoi\/#primaryimage","url":"http:\/\/phibopress.com\/wp-content\/uploads\/2018\/03\/Layer-11.png","contentUrl":"http:\/\/phibopress.com\/wp-content\/uploads\/2018\/03\/Layer-11.png"},{"@type":"BreadcrumbList","@id":"https:\/\/phibopress.com\/fr\/quoi\/#breadcrumb","itemListElement":[{"@type":"ListItem","position":1,"name":"Home","item":"https:\/\/phibopress.com\/fr\/"},{"@type":"ListItem","position":2,"name":"Quoi"}]},{"@type":"WebSite","@id":"https:\/\/phibopress.com\/#website","url":"https:\/\/phibopress.com\/","name":"Phibopress.be - Perscommunicatie","description":"","potentialAction":[{"@type":"SearchAction","target":{"@type":"EntryPoint","urlTemplate":"https:\/\/phibopress.com\/?s={search_term_string}"},"query-input":{"@type":"PropertyValueSpecification","valueRequired":true,"valueName":"search_term_string"}}],"inLanguage":"fr-FR"}]}},"_links":{"self":[{"href":"https:\/\/phibopress.com\/fr\/wp-json\/wp\/v2\/pages\/622","targetHints":{"allow":["GET"]}}],"collection":[{"href":"https:\/\/phibopress.com\/fr\/wp-json\/wp\/v2\/pages"}],"about":[{"href":"https:\/\/phibopress.com\/fr\/wp-json\/wp\/v2\/types\/page"}],"author":[{"embeddable":true,"href":"https:\/\/phibopress.com\/fr\/wp-json\/wp\/v2\/users\/1"}],"replies":[{"embeddable":true,"href":"https:\/\/phibopress.com\/fr\/wp-json\/wp\/v2\/comments?post=622"}],"version-history":[{"count":4,"href":"https:\/\/phibopress.com\/fr\/wp-json\/wp\/v2\/pages\/622\/revisions"}],"predecessor-version":[{"id":670,"href":"https:\/\/phibopress.com\/fr\/wp-json\/wp\/v2\/pages\/622\/revisions\/670"}],"wp:attachment":[{"href":"https:\/\/phibopress.com\/fr\/wp-json\/wp\/v2\/media?parent=622"}],"curies":[{"name":"wp","href":"https:\/\/api.w.org\/{rel}","templated":true}]}}