{"id":621,"date":"2018-03-27T11:22:10","date_gmt":"2018-03-27T11:22:10","guid":{"rendered":"http:\/\/phibopress.com\/waarom\/"},"modified":"2019-05-07T09:42:17","modified_gmt":"2019-05-07T09:42:17","slug":"pourquoi","status":"publish","type":"page","link":"https:\/\/phibopress.com\/fr\/pourquoi\/","title":{"rendered":"Pourquoi"},"content":{"rendered":"<div class=\"fw-page-builder-content\">\n<h1 class=\"fw-special-title\">Waarom Phibo<\/h1>\n<p><img loading=\"lazy\" decoding=\"async\" class=\"size-full wp-image-145 alignleft\" src=\"http:\/\/phibopress.com\/wp-content\/uploads\/2018\/03\/Layer-11.png\" alt=\"\" width=\"63\" height=\"55\" \/><\/p>\n<h2 class=\"p1\">Pourquoi appuyer sur les relations presse ?<\/h2>\n<p>&nbsp;<\/p>\n<p>augmenter votre notori\u00e9t\u00e9<br \/>\nconfirmer votre image de marque aux clients existants<br \/>\npromouvoir une image positive et professionnelle aupr\u00e8s de vos prospects<br \/>\nsupport id\u00e9al pour les campagnes de marketing simultan\u00e9es<br \/>\nl&rsquo;attention des m\u00e9dias constitue un atout dans le potentiel d&rsquo;attirer des clients et investisseurs potentiels<br \/>\nla m\u00e9diatisation augmente la fiert\u00e9 de l&rsquo;entreprise et la motivation de vos collaborateurs<br \/>\nles contacts \u00e9tablis avec la presse peuvent aussi \u00eatre primordiaux dans le cas d&rsquo;une communication de crise<br \/>\ncr\u00e9ation d&rsquo;une bonne dynamique vis-\u00e0-vis de vos \u2018community relations\u2019.<\/p>\n<p class=\"p2\">Vous excellez dans votre domaine de comp\u00e9tence, vous poss\u00e9dez un savoir-faire\u00a0? faites-le savoir !<\/p>\n<h2 style=\"text-align: center;\"><img loading=\"lazy\" decoding=\"async\" class=\"size-full wp-image-149\" src=\"http:\/\/phibopress.com\/wp-content\/uploads\/2018\/03\/Layer-14.png\" alt=\"\" width=\"61\" height=\"61\" \/> Partenariats<\/h2>\n<p>En fonction de la mission d\u00e9finie, Phibo Press Communication peut \u00e9galement faire appel \u00e0 un r\u00e9seau de partenaires professionnels, poss\u00e9dant chacun sa sp\u00e9cialisation propre (communication de crise, media training avec cam\u00e9ra, traduction, organisation d&rsquo;\u00e9v\u00e9nements&#8230;).<\/p>\n<p> <img decoding=\"async\" src=\"http:\/\/phibopress.com\/wp-content\/uploads\/2018\/03\/Philip-Bossuyt-2012-high-res.png\" alt=\"Philip-Bossuyt&#8211;2012-(high-res)\" data-maxdpr=\"1.7\" width=\"350\" class=\"lazyload\" \/> <\/p>\n<h2><img loading=\"lazy\" decoding=\"async\" class=\"size-full wp-image-147 alignleft\" src=\"http:\/\/phibopress.com\/wp-content\/uploads\/2018\/03\/Layer-13.png\" alt=\"\" width=\"70\" height=\"70\" \/><\/h2>\n<h2>Qui?<\/h2>\n<p>Managing director de Phibo Press Communication, Philip Bossuyt (\u00b01962) a obtenu, d&rsquo;une part un Bachelor en Gestion de Communication \u00e0 l&rsquo;Artevelde Hogeschool Gent (ant\u00e9rieurement HIBO), d&rsquo;autre part un dipl\u00f4me d\u2019enseignant en fran\u00e7ais-anglais-histoire \u00e0 Leuven. Ant\u00e9rieurement, il avait suivi les candidatures de Droit aupr\u00e8s de l\u2019UFSAL, Brussel. Apr\u00e8s plusieurs stages spontan\u00e9s de communication et effectu\u00e9s \u00e0 Bruxelles, Londres et D\u00fcsseldorf, il a d\u00e9marr\u00e9 sa carri\u00e8re chez Flanders Expo, le plus grand complexe d&rsquo;exposition et d&rsquo;espace \u00e9v\u00e9nementiel en Flandre. Ce poste lui a servi de tremplin pour la suite de sa carri\u00e8re, apr\u00e8s 3 ans d&rsquo;exp\u00e9rience comme attach\u00e9 de presse et responsable pour les relations ext\u00e9rieures. Elle a \u00e9t\u00e9 suivie pendant 3,5 ans par une immersion dans le secteur culturel, pr\u00e9cis\u00e9ment au th\u00e9\u00e2tre NTG \u00e0 Gand, en tant que responsable de la communication corporate et public relations. Fin 1994, Philip Bossuyt fonde son propre bureau de relations publiques, Phibo Press Communication.<\/p>\n<p>Gr\u00e2ce \u00e0 la diversit\u00e9 des missions \u00e0 destination des entreprises pour lesquelles il a d\u00e9velopp\u00e9 des campagnes de presse, tant r\u00e9gionales que nationales, au cours de ces 25 derni\u00e8res ann\u00e9es, Philip s\u2019est construit un r\u00e9seau performant dans le monde de la presse et des entreprises.<\/p>\n<p style=\"text-align: center;\">Bent u journalist of blogger en wilt u graag onze persberichten\/achtergronddossiers ontvangen?<\/p>\n<p style=\"text-align: center;\">Vul hieronder uw gegevens in met vermelding van onderwerpen en thema\u2019s die u in het bijzonder interesseren.<\/p>\n<p> <img decoding=\"async\" src=\"\/\/phibopress.com\/wp-content\/uploads\/2018\/03\/notes.png\" alt=\"\" \/> <\/p>\n<h4 class=\"fw-icon-title-text\">\n \u00cates-vous int\u00e9ress\u00e9 par un entretien informel? <\/h4>\n<p> <a id='gf_3' class='gform_anchor' ><\/a><br \/>\n Naam*VoornaamE-mailadres*<br \/>\n Tel.\/GSM*Website*Opmerking<br \/>\n This iframe contains the logic required to handle Ajax powered Gravity Forms.<br \/>\n jQuery(document).ready(function($){gformInitSpinner( 3, &lsquo;http:\/\/phibopress.com\/wp-content\/plugins\/gravityforms\/images\/spinner.gif&rsquo; );jQuery(&lsquo;#gform_ajax_frame_3&rsquo;).on(&lsquo;load&rsquo;,function(){var contents = jQuery(this).contents().find(&lsquo;*&rsquo;).html();var is_postback = contents.indexOf(&lsquo;GF_AJAX_POSTBACK&rsquo;) >= 0;if(!is_postback){return;}var form_content = jQuery(this).contents().find(&lsquo;#gform_wrapper_3&rsquo;);var is_confirmation = jQuery(this).contents().find(&lsquo;#gform_confirmation_wrapper_3&rsquo;).length > 0;var is_redirect = contents.indexOf(&lsquo;gformRedirect(){&lsquo;) >= 0;var is_form = form_content.length > 0 &#038;&#038; ! is_redirect &#038;&#038; ! is_confirmation;if(is_form){jQuery(&lsquo;#gform_wrapper_3&rsquo;).html(form_content.html());if(form_content.hasClass(&lsquo;gform_validation_error&rsquo;)){jQuery(&lsquo;#gform_wrapper_3&rsquo;).addClass(&lsquo;gform_validation_error&rsquo;);} else {jQuery(&lsquo;#gform_wrapper_3&rsquo;).removeClass(&lsquo;gform_validation_error&rsquo;);}setTimeout( function() { \/* delay the scroll by 50 milliseconds to fix a bug in chrome *\/ jQuery(document).scrollTop(jQuery(&lsquo;#gform_wrapper_3&rsquo;).offset().top); }, 50 );if(window[&lsquo;gformInitDatepicker&rsquo;]) {gformInitDatepicker();}if(window[&lsquo;gformInitPriceFields&rsquo;]) {gformInitPriceFields();}var current_page = jQuery(&lsquo;#gform_source_page_number_3&rsquo;).val();gformInitSpinner( 3, &lsquo;http:\/\/phibopress.com\/wp-content\/plugins\/gravityforms\/images\/spinner.gif&rsquo; );jQuery(document).trigger(&lsquo;gform_page_loaded&rsquo;, [3, current_page]);window[&lsquo;gf_submitting_3&rsquo;] = false;}else if(!is_redirect){var confirmation_content = jQuery(this).contents().find(&lsquo;.GF_AJAX_POSTBACK&rsquo;).html();if(!confirmation_content){confirmation_content = contents;}setTimeout(function(){jQuery(&lsquo;#gform_wrapper_3&rsquo;).replaceWith(confirmation_content);jQuery(document).scrollTop(jQuery(&lsquo;#gf_3&rsquo;).offset().top);jQuery(document).trigger(&lsquo;gform_confirmation_loaded&rsquo;, [3]);window[&lsquo;gf_submitting_3&rsquo;] = false;}, 50);}else{jQuery(&lsquo;#gform_3&rsquo;).append(contents);if(window[&lsquo;gformRedirect&rsquo;]) {gformRedirect();}}jQuery(document).trigger(&lsquo;gform_post_render&rsquo;, [3, current_page]);} );} ); if(typeof gf_global == &lsquo;undefined&rsquo;) var gf_global = {\u00ab\u00a0gf_currency_config\u00a0\u00bb:{\u00ab\u00a0name\u00a0\u00bb:\u00a0\u00bbU.S. Dollar\u00a0\u00bb,\u00a0\u00bbsymbol_left\u00a0\u00bb:\u00a0\u00bb$\u00a0\u00bb,\u00a0\u00bbsymbol_right\u00a0\u00bb:\u00a0\u00bb\u00a0\u00bb,\u00a0\u00bbsymbol_padding\u00a0\u00bb:\u00a0\u00bb\u00a0\u00bb,\u00a0\u00bbthousand_separator\u00a0\u00bb:\u00a0\u00bb,\u00a0\u00bb,\u00a0\u00bbdecimal_separator\u00a0\u00bb:\u00a0\u00bb.\u00a0\u00bb,\u00a0\u00bbdecimals\u00a0\u00bb:2},\u00a0\u00bbbase_url\u00a0\u00bb:\u00a0\u00bbhttp:\/\/phibopress.com\/wp-content\/plugins\/gravityforms\u00a0\u00bb,\u00a0\u00bbnumber_formats\u00a0\u00bb:[],\u00a0\u00bbspinnerUrl\u00a0\u00bb:\u00a0\u00bbhttp:\/\/phibopress.com\/wp-content\/plugins\/gravityforms\/images\/spinner.gif\u00a0\u00bb};jQuery(document).bind(&lsquo;gform_post_render&rsquo;, function(event, formId, currentPage){if(formId == 3) {jQuery(&lsquo;#input_3_4&rsquo;).mask(&lsquo;(999) 999-9999&rsquo;).bind(&lsquo;keypress&rsquo;, function(e){if(e.which == 13){jQuery(this).blur();} } );} } );jQuery(document).bind(&lsquo;gform_post_conditional_logic&rsquo;, function(event, formId, fields, isInit){} ); jQuery(document).ready(function(){jQuery(document).trigger(&lsquo;gform_post_render&rsquo;, [3, 1]) } );<br \/>\n <img decoding=\"async\" src=\"\/\/phibopress.com\/wp-content\/uploads\/2018\/03\/notes.png\" alt=\"\" \/> <\/p>\n<h4 class=\"fw-icon-title-text\">\n \u00cates-vous journaliste, blogueur-blogueuse? <\/h4>\n<p> <a id='gf_4' class='gform_anchor' ><\/a><br \/>\n NaamVoornaamE-mailadres<br \/>\n Tel.\/GSMWebsiteMedium\/blogIk heb interesse in persberichten over<br \/>\n This iframe contains the logic required to handle Ajax powered Gravity Forms.<br \/>\n jQuery(document).ready(function($){gformInitSpinner( 4, &lsquo;http:\/\/phibopress.com\/wp-content\/plugins\/gravityforms\/images\/spinner.gif&rsquo; );jQuery(&lsquo;#gform_ajax_frame_4&rsquo;).on(&lsquo;load&rsquo;,function(){var contents = jQuery(this).contents().find(&lsquo;*&rsquo;).html();var is_postback = contents.indexOf(&lsquo;GF_AJAX_POSTBACK&rsquo;) >= 0;if(!is_postback){return;}var form_content = jQuery(this).contents().find(&lsquo;#gform_wrapper_4&rsquo;);var is_confirmation = jQuery(this).contents().find(&lsquo;#gform_confirmation_wrapper_4&rsquo;).length > 0;var is_redirect = contents.indexOf(&lsquo;gformRedirect(){&lsquo;) >= 0;var is_form = form_content.length > 0 &#038;&#038; ! is_redirect &#038;&#038; ! is_confirmation;if(is_form){jQuery(&lsquo;#gform_wrapper_4&rsquo;).html(form_content.html());if(form_content.hasClass(&lsquo;gform_validation_error&rsquo;)){jQuery(&lsquo;#gform_wrapper_4&rsquo;).addClass(&lsquo;gform_validation_error&rsquo;);} else {jQuery(&lsquo;#gform_wrapper_4&rsquo;).removeClass(&lsquo;gform_validation_error&rsquo;);}setTimeout( function() { \/* delay the scroll by 50 milliseconds to fix a bug in chrome *\/ jQuery(document).scrollTop(jQuery(&lsquo;#gform_wrapper_4&rsquo;).offset().top); }, 50 );if(window[&lsquo;gformInitDatepicker&rsquo;]) {gformInitDatepicker();}if(window[&lsquo;gformInitPriceFields&rsquo;]) {gformInitPriceFields();}var current_page = jQuery(&lsquo;#gform_source_page_number_4&rsquo;).val();gformInitSpinner( 4, &lsquo;http:\/\/phibopress.com\/wp-content\/plugins\/gravityforms\/images\/spinner.gif&rsquo; );jQuery(document).trigger(&lsquo;gform_page_loaded&rsquo;, [4, current_page]);window[&lsquo;gf_submitting_4&rsquo;] = false;}else if(!is_redirect){var confirmation_content = jQuery(this).contents().find(&lsquo;.GF_AJAX_POSTBACK&rsquo;).html();if(!confirmation_content){confirmation_content = contents;}setTimeout(function(){jQuery(&lsquo;#gform_wrapper_4&rsquo;).replaceWith(confirmation_content);jQuery(document).scrollTop(jQuery(&lsquo;#gf_4&rsquo;).offset().top);jQuery(document).trigger(&lsquo;gform_confirmation_loaded&rsquo;, [4]);window[&lsquo;gf_submitting_4&rsquo;] = false;}, 50);}else{jQuery(&lsquo;#gform_4&rsquo;).append(contents);if(window[&lsquo;gformRedirect&rsquo;]) {gformRedirect();}}jQuery(document).trigger(&lsquo;gform_post_render&rsquo;, [4, current_page]);} );} ); if(typeof gf_global == &lsquo;undefined&rsquo;) var gf_global = {\u00ab\u00a0gf_currency_config\u00a0\u00bb:{\u00ab\u00a0name\u00a0\u00bb:\u00a0\u00bbU.S. Dollar\u00a0\u00bb,\u00a0\u00bbsymbol_left\u00a0\u00bb:\u00a0\u00bb$\u00a0\u00bb,\u00a0\u00bbsymbol_right\u00a0\u00bb:\u00a0\u00bb\u00a0\u00bb,\u00a0\u00bbsymbol_padding\u00a0\u00bb:\u00a0\u00bb\u00a0\u00bb,\u00a0\u00bbthousand_separator\u00a0\u00bb:\u00a0\u00bb,\u00a0\u00bb,\u00a0\u00bbdecimal_separator\u00a0\u00bb:\u00a0\u00bb.\u00a0\u00bb,\u00a0\u00bbdecimals\u00a0\u00bb:2},\u00a0\u00bbbase_url\u00a0\u00bb:\u00a0\u00bbhttp:\/\/phibopress.com\/wp-content\/plugins\/gravityforms\u00a0\u00bb,\u00a0\u00bbnumber_formats\u00a0\u00bb:[],\u00a0\u00bbspinnerUrl\u00a0\u00bb:\u00a0\u00bbhttp:\/\/phibopress.com\/wp-content\/plugins\/gravityforms\/images\/spinner.gif\u00a0\u00bb};jQuery(document).bind(&lsquo;gform_post_render&rsquo;, function(event, formId, currentPage){if(formId == 4) {jQuery(&lsquo;#input_4_4&rsquo;).mask(&lsquo;(999) 999-9999&rsquo;).bind(&lsquo;keypress&rsquo;, function(e){if(e.which == 13){jQuery(this).blur();} } );} } );jQuery(document).bind(&lsquo;gform_post_conditional_logic&rsquo;, function(event, formId, fields, isInit){} ); jQuery(document).ready(function(){jQuery(document).trigger(&lsquo;gform_post_render&rsquo;, [4, 1]) } ); <\/p>\n<p style=\"text-align: center;\"><img loading=\"lazy\" decoding=\"async\" class=\"alignnone size-full wp-image-153\" src=\"http:\/\/phibopress.com\/wp-content\/uploads\/2018\/03\/Layer-15.png\" alt=\"\" width=\"38\" height=\"38\" \/><a href=\"tel:+320477246443\">+32(0)477 24 64 43<\/a><\/p>\n<p><!-- 40bac9f0ab3eb901ddb5f7697bf9ea86 --><\/div>\n","protected":false},"excerpt":{"rendered":"<p>Waarom Phibo Pourquoi appuyer sur les relations presse ? &nbsp; augmenter votre notori\u00e9t\u00e9 confirmer votre image de marque aux clients existants promouvoir une image positive et professionnelle aupr\u00e8s de vos prospects support id\u00e9al pour les campagnes de marketing simultan\u00e9es l&rsquo;attention des m\u00e9dias constitue un atout dans le potentiel d&rsquo;attirer des clients et investisseurs potentiels la [&hellip;]<\/p>\n","protected":false},"author":1,"featured_media":0,"parent":0,"menu_order":0,"comment_status":"closed","ping_status":"closed","template":"visual-builder-template.php","meta":{"footnotes":""},"class_list":["post-621","page","type-page","status-publish","hentry"],"yoast_head":"<!-- This site is optimized with the Yoast SEO plugin v26.5 - https:\/\/yoast.com\/wordpress\/plugins\/seo\/ -->\n<title>Pourquoi - Phibopress.be - Perscommunicatie<\/title>\n<meta name=\"description\" content=\"Wij zijn graag uw gids en intermediair tussen uzelf en de journalisten van de geschreven en audiovisuele pers, om proactief en resultaatgericht een duurzame relatie op te bouwen.\" \/>\n<meta name=\"robots\" content=\"index, follow, max-snippet:-1, max-image-preview:large, max-video-preview:-1\" \/>\n<link rel=\"canonical\" href=\"https:\/\/phibopress.com\/fr\/pourquoi\/\" \/>\n<meta property=\"og:locale\" content=\"fr_FR\" \/>\n<meta property=\"og:type\" content=\"article\" \/>\n<meta property=\"og:title\" content=\"Pourquoi - Phibopress.be - Perscommunicatie\" \/>\n<meta property=\"og:description\" content=\"Wij zijn graag uw gids en intermediair tussen uzelf en de journalisten van de geschreven en audiovisuele pers, om proactief en resultaatgericht een duurzame relatie op te bouwen.\" \/>\n<meta property=\"og:url\" content=\"https:\/\/phibopress.com\/fr\/pourquoi\/\" \/>\n<meta property=\"og:site_name\" content=\"Phibopress.be - Perscommunicatie\" \/>\n<meta property=\"article:modified_time\" content=\"2019-05-07T09:42:17+00:00\" \/>\n<meta property=\"og:image\" content=\"http:\/\/phibopress.com\/wp-content\/uploads\/2018\/03\/Layer-11.png\" \/>\n<meta name=\"twitter:card\" content=\"summary_large_image\" \/>\n<meta name=\"twitter:label1\" content=\"Dur\u00e9e de lecture estim\u00e9e\" \/>\n\t<meta name=\"twitter:data1\" content=\"6 minutes\" \/>\n<script type=\"application\/ld+json\" class=\"yoast-schema-graph\">{\"@context\":\"https:\/\/schema.org\",\"@graph\":[{\"@type\":\"WebPage\",\"@id\":\"https:\/\/phibopress.com\/fr\/pourquoi\/\",\"url\":\"https:\/\/phibopress.com\/fr\/pourquoi\/\",\"name\":\"Pourquoi - Phibopress.be - Perscommunicatie\",\"isPartOf\":{\"@id\":\"https:\/\/phibopress.com\/#website\"},\"primaryImageOfPage\":{\"@id\":\"https:\/\/phibopress.com\/fr\/pourquoi\/#primaryimage\"},\"image\":{\"@id\":\"https:\/\/phibopress.com\/fr\/pourquoi\/#primaryimage\"},\"thumbnailUrl\":\"http:\/\/phibopress.com\/wp-content\/uploads\/2018\/03\/Layer-11.png\",\"datePublished\":\"2018-03-27T11:22:10+00:00\",\"dateModified\":\"2019-05-07T09:42:17+00:00\",\"description\":\"Wij zijn graag uw gids en intermediair tussen uzelf en de journalisten van de geschreven en audiovisuele pers, om proactief en resultaatgericht een duurzame relatie op te bouwen.\",\"breadcrumb\":{\"@id\":\"https:\/\/phibopress.com\/fr\/pourquoi\/#breadcrumb\"},\"inLanguage\":\"fr-FR\",\"potentialAction\":[{\"@type\":\"ReadAction\",\"target\":[\"https:\/\/phibopress.com\/fr\/pourquoi\/\"]}]},{\"@type\":\"ImageObject\",\"inLanguage\":\"fr-FR\",\"@id\":\"https:\/\/phibopress.com\/fr\/pourquoi\/#primaryimage\",\"url\":\"http:\/\/phibopress.com\/wp-content\/uploads\/2018\/03\/Layer-11.png\",\"contentUrl\":\"http:\/\/phibopress.com\/wp-content\/uploads\/2018\/03\/Layer-11.png\"},{\"@type\":\"BreadcrumbList\",\"@id\":\"https:\/\/phibopress.com\/fr\/pourquoi\/#breadcrumb\",\"itemListElement\":[{\"@type\":\"ListItem\",\"position\":1,\"name\":\"Home\",\"item\":\"https:\/\/phibopress.com\/fr\/\"},{\"@type\":\"ListItem\",\"position\":2,\"name\":\"Pourquoi\"}]},{\"@type\":\"WebSite\",\"@id\":\"https:\/\/phibopress.com\/#website\",\"url\":\"https:\/\/phibopress.com\/\",\"name\":\"Phibopress.be - Perscommunicatie\",\"description\":\"\",\"potentialAction\":[{\"@type\":\"SearchAction\",\"target\":{\"@type\":\"EntryPoint\",\"urlTemplate\":\"https:\/\/phibopress.com\/?s={search_term_string}\"},\"query-input\":{\"@type\":\"PropertyValueSpecification\",\"valueRequired\":true,\"valueName\":\"search_term_string\"}}],\"inLanguage\":\"fr-FR\"}]}<\/script>\n<!-- \/ Yoast SEO plugin. -->","yoast_head_json":{"title":"Pourquoi - Phibopress.be - Perscommunicatie","description":"Wij zijn graag uw gids en intermediair tussen uzelf en de journalisten van de geschreven en audiovisuele pers, om proactief en resultaatgericht een duurzame relatie op te bouwen.","robots":{"index":"index","follow":"follow","max-snippet":"max-snippet:-1","max-image-preview":"max-image-preview:large","max-video-preview":"max-video-preview:-1"},"canonical":"https:\/\/phibopress.com\/fr\/pourquoi\/","og_locale":"fr_FR","og_type":"article","og_title":"Pourquoi - Phibopress.be - Perscommunicatie","og_description":"Wij zijn graag uw gids en intermediair tussen uzelf en de journalisten van de geschreven en audiovisuele pers, om proactief en resultaatgericht een duurzame relatie op te bouwen.","og_url":"https:\/\/phibopress.com\/fr\/pourquoi\/","og_site_name":"Phibopress.be - Perscommunicatie","article_modified_time":"2019-05-07T09:42:17+00:00","og_image":[{"url":"http:\/\/phibopress.com\/wp-content\/uploads\/2018\/03\/Layer-11.png","type":"","width":"","height":""}],"twitter_card":"summary_large_image","twitter_misc":{"Dur\u00e9e de lecture estim\u00e9e":"6 minutes"},"schema":{"@context":"https:\/\/schema.org","@graph":[{"@type":"WebPage","@id":"https:\/\/phibopress.com\/fr\/pourquoi\/","url":"https:\/\/phibopress.com\/fr\/pourquoi\/","name":"Pourquoi - Phibopress.be - Perscommunicatie","isPartOf":{"@id":"https:\/\/phibopress.com\/#website"},"primaryImageOfPage":{"@id":"https:\/\/phibopress.com\/fr\/pourquoi\/#primaryimage"},"image":{"@id":"https:\/\/phibopress.com\/fr\/pourquoi\/#primaryimage"},"thumbnailUrl":"http:\/\/phibopress.com\/wp-content\/uploads\/2018\/03\/Layer-11.png","datePublished":"2018-03-27T11:22:10+00:00","dateModified":"2019-05-07T09:42:17+00:00","description":"Wij zijn graag uw gids en intermediair tussen uzelf en de journalisten van de geschreven en audiovisuele pers, om proactief en resultaatgericht een duurzame relatie op te bouwen.","breadcrumb":{"@id":"https:\/\/phibopress.com\/fr\/pourquoi\/#breadcrumb"},"inLanguage":"fr-FR","potentialAction":[{"@type":"ReadAction","target":["https:\/\/phibopress.com\/fr\/pourquoi\/"]}]},{"@type":"ImageObject","inLanguage":"fr-FR","@id":"https:\/\/phibopress.com\/fr\/pourquoi\/#primaryimage","url":"http:\/\/phibopress.com\/wp-content\/uploads\/2018\/03\/Layer-11.png","contentUrl":"http:\/\/phibopress.com\/wp-content\/uploads\/2018\/03\/Layer-11.png"},{"@type":"BreadcrumbList","@id":"https:\/\/phibopress.com\/fr\/pourquoi\/#breadcrumb","itemListElement":[{"@type":"ListItem","position":1,"name":"Home","item":"https:\/\/phibopress.com\/fr\/"},{"@type":"ListItem","position":2,"name":"Pourquoi"}]},{"@type":"WebSite","@id":"https:\/\/phibopress.com\/#website","url":"https:\/\/phibopress.com\/","name":"Phibopress.be - Perscommunicatie","description":"","potentialAction":[{"@type":"SearchAction","target":{"@type":"EntryPoint","urlTemplate":"https:\/\/phibopress.com\/?s={search_term_string}"},"query-input":{"@type":"PropertyValueSpecification","valueRequired":true,"valueName":"search_term_string"}}],"inLanguage":"fr-FR"}]}},"_links":{"self":[{"href":"https:\/\/phibopress.com\/fr\/wp-json\/wp\/v2\/pages\/621","targetHints":{"allow":["GET"]}}],"collection":[{"href":"https:\/\/phibopress.com\/fr\/wp-json\/wp\/v2\/pages"}],"about":[{"href":"https:\/\/phibopress.com\/fr\/wp-json\/wp\/v2\/types\/page"}],"author":[{"embeddable":true,"href":"https:\/\/phibopress.com\/fr\/wp-json\/wp\/v2\/users\/1"}],"replies":[{"embeddable":true,"href":"https:\/\/phibopress.com\/fr\/wp-json\/wp\/v2\/comments?post=621"}],"version-history":[{"count":4,"href":"https:\/\/phibopress.com\/fr\/wp-json\/wp\/v2\/pages\/621\/revisions"}],"predecessor-version":[{"id":671,"href":"https:\/\/phibopress.com\/fr\/wp-json\/wp\/v2\/pages\/621\/revisions\/671"}],"wp:attachment":[{"href":"https:\/\/phibopress.com\/fr\/wp-json\/wp\/v2\/media?parent=621"}],"curies":[{"name":"wp","href":"https:\/\/api.w.org\/{rel}","templated":true}]}}