{"id":617,"date":"2018-03-28T14:03:56","date_gmt":"2018-03-28T14:03:56","guid":{"rendered":"http:\/\/phibopress.com\/persrelaties\/"},"modified":"2019-05-07T13:34:53","modified_gmt":"2019-05-07T13:34:53","slug":"relations-presse","status":"publish","type":"page","link":"https:\/\/phibopress.com\/fr\/relations-presse\/","title":{"rendered":"Relations presse"},"content":{"rendered":"<div class=\"fw-page-builder-content\">\n<h1 class=\"fw-special-title\">Persrelaties<\/h1>\n<p><img loading=\"lazy\" decoding=\"async\" class=\"size-full wp-image-145 alignleft\" src=\"http:\/\/phibopress.com\/wp-content\/uploads\/2018\/03\/Layer-11.png\" alt=\"\" width=\"63\" height=\"55\" \/><\/p>\n<h1>Pourquoi&#8230;<\/h1>\n<p>&nbsp;<\/p>\n<p>&#8230;\u00a0appuyer sur les relations presse ?<\/p>\n<p>augmenter votre notori\u00e9t\u00e9<br \/>\nconfirmer votre image de marque aux clients existants<br \/>\npromouvoir une image positive et professionnelle aupr\u00e8s de vos prospects<br \/>\nsupport id\u00e9al pour les campagnes de marketing simultan\u00e9es<br \/>\nl&rsquo;attention des m\u00e9dias constitue un atout dans le potentiel d&rsquo;attirer des clients et investisseurs potentiels<br \/>\nla m\u00e9diatisation augmente la fiert\u00e9 de l&rsquo;entreprise et la motivation de vos collaborateurs<br \/>\nles contacts \u00e9tablis avec la presse peuvent aussi \u00eatre primordiaux dans le cas d&rsquo;une communication de crise<br \/>\ncr\u00e9ation d&rsquo;une bonne dynamique vis-\u00e0-vis de vos \u2018community relations\u2019.<\/p>\n<p>Vous excellez dans votre domaine de comp\u00e9tence, vous poss\u00e9dez un savoir-faire\u00a0? faites-le savoir !<\/p>\n<p style=\"text-align: center;\">Bent u journalist of blogger en wilt u graag onze persberichten\/achtergronddossiers ontvangen?<\/p>\n<p style=\"text-align: center;\">Vul hieronder uw gegevens in met vermelding van onderwerpen en thema\u2019s die u in het bijzonder interesseren.<\/p>\n<p> <img decoding=\"async\" src=\"\/\/phibopress.com\/wp-content\/uploads\/2018\/03\/notes.png\" alt=\"\" \/> <\/p>\n<h4 class=\"fw-icon-title-text\">\n \u00cates-vous int\u00e9ress\u00e9 par un entretien informel? <\/h4>\n<p> <a id='gf_3' class='gform_anchor' ><\/a><br \/>\n Naam*VoornaamE-mailadres*<br \/>\n Tel.\/GSM*Website*Opmerking<br \/>\n This iframe contains the logic required to handle Ajax powered Gravity Forms.<br \/>\n jQuery(document).ready(function($){gformInitSpinner( 3, &lsquo;http:\/\/phibopress.com\/wp-content\/plugins\/gravityforms\/images\/spinner.gif&rsquo; );jQuery(&lsquo;#gform_ajax_frame_3&rsquo;).on(&lsquo;load&rsquo;,function(){var contents = jQuery(this).contents().find(&lsquo;*&rsquo;).html();var is_postback = contents.indexOf(&lsquo;GF_AJAX_POSTBACK&rsquo;) >= 0;if(!is_postback){return;}var form_content = jQuery(this).contents().find(&lsquo;#gform_wrapper_3&rsquo;);var is_confirmation = jQuery(this).contents().find(&lsquo;#gform_confirmation_wrapper_3&rsquo;).length > 0;var is_redirect = contents.indexOf(&lsquo;gformRedirect(){&lsquo;) >= 0;var is_form = form_content.length > 0 &#038;&#038; ! is_redirect &#038;&#038; ! is_confirmation;if(is_form){jQuery(&lsquo;#gform_wrapper_3&rsquo;).html(form_content.html());if(form_content.hasClass(&lsquo;gform_validation_error&rsquo;)){jQuery(&lsquo;#gform_wrapper_3&rsquo;).addClass(&lsquo;gform_validation_error&rsquo;);} else {jQuery(&lsquo;#gform_wrapper_3&rsquo;).removeClass(&lsquo;gform_validation_error&rsquo;);}setTimeout( function() { \/* delay the scroll by 50 milliseconds to fix a bug in chrome *\/ jQuery(document).scrollTop(jQuery(&lsquo;#gform_wrapper_3&rsquo;).offset().top); }, 50 );if(window[&lsquo;gformInitDatepicker&rsquo;]) {gformInitDatepicker();}if(window[&lsquo;gformInitPriceFields&rsquo;]) {gformInitPriceFields();}var current_page = jQuery(&lsquo;#gform_source_page_number_3&rsquo;).val();gformInitSpinner( 3, &lsquo;http:\/\/phibopress.com\/wp-content\/plugins\/gravityforms\/images\/spinner.gif&rsquo; );jQuery(document).trigger(&lsquo;gform_page_loaded&rsquo;, [3, current_page]);window[&lsquo;gf_submitting_3&rsquo;] = false;}else if(!is_redirect){var confirmation_content = jQuery(this).contents().find(&lsquo;.GF_AJAX_POSTBACK&rsquo;).html();if(!confirmation_content){confirmation_content = contents;}setTimeout(function(){jQuery(&lsquo;#gform_wrapper_3&rsquo;).replaceWith(confirmation_content);jQuery(document).scrollTop(jQuery(&lsquo;#gf_3&rsquo;).offset().top);jQuery(document).trigger(&lsquo;gform_confirmation_loaded&rsquo;, [3]);window[&lsquo;gf_submitting_3&rsquo;] = false;}, 50);}else{jQuery(&lsquo;#gform_3&rsquo;).append(contents);if(window[&lsquo;gformRedirect&rsquo;]) {gformRedirect();}}jQuery(document).trigger(&lsquo;gform_post_render&rsquo;, [3, current_page]);} );} ); if(typeof gf_global == &lsquo;undefined&rsquo;) var gf_global = {\u00ab\u00a0gf_currency_config\u00a0\u00bb:{\u00ab\u00a0name\u00a0\u00bb:\u00a0\u00bbU.S. Dollar\u00a0\u00bb,\u00a0\u00bbsymbol_left\u00a0\u00bb:\u00a0\u00bb$\u00a0\u00bb,\u00a0\u00bbsymbol_right\u00a0\u00bb:\u00a0\u00bb\u00a0\u00bb,\u00a0\u00bbsymbol_padding\u00a0\u00bb:\u00a0\u00bb\u00a0\u00bb,\u00a0\u00bbthousand_separator\u00a0\u00bb:\u00a0\u00bb,\u00a0\u00bb,\u00a0\u00bbdecimal_separator\u00a0\u00bb:\u00a0\u00bb.\u00a0\u00bb,\u00a0\u00bbdecimals\u00a0\u00bb:2},\u00a0\u00bbbase_url\u00a0\u00bb:\u00a0\u00bbhttp:\/\/phibopress.com\/wp-content\/plugins\/gravityforms\u00a0\u00bb,\u00a0\u00bbnumber_formats\u00a0\u00bb:[],\u00a0\u00bbspinnerUrl\u00a0\u00bb:\u00a0\u00bbhttp:\/\/phibopress.com\/wp-content\/plugins\/gravityforms\/images\/spinner.gif\u00a0\u00bb};jQuery(document).bind(&lsquo;gform_post_render&rsquo;, function(event, formId, currentPage){if(formId == 3) {jQuery(&lsquo;#input_3_4&rsquo;).mask(&lsquo;(999) 999-9999&rsquo;).bind(&lsquo;keypress&rsquo;, function(e){if(e.which == 13){jQuery(this).blur();} } );} } );jQuery(document).bind(&lsquo;gform_post_conditional_logic&rsquo;, function(event, formId, fields, isInit){} ); jQuery(document).ready(function(){jQuery(document).trigger(&lsquo;gform_post_render&rsquo;, [3, 1]) } );<br \/>\n <img decoding=\"async\" src=\"\/\/phibopress.com\/wp-content\/uploads\/2018\/03\/notes.png\" alt=\"\" \/> <\/p>\n<h4 class=\"fw-icon-title-text\">\n \u00cates-vous journaliste, blogueur-blogueuse? <\/h4>\n<p> <a id='gf_4' class='gform_anchor' ><\/a><br \/>\n NaamVoornaamE-mailadres<br \/>\n Tel.\/GSMWebsiteMedium\/blogIk heb interesse in persberichten over<br \/>\n This iframe contains the logic required to handle Ajax powered Gravity Forms.<br \/>\n jQuery(document).ready(function($){gformInitSpinner( 4, &lsquo;http:\/\/phibopress.com\/wp-content\/plugins\/gravityforms\/images\/spinner.gif&rsquo; );jQuery(&lsquo;#gform_ajax_frame_4&rsquo;).on(&lsquo;load&rsquo;,function(){var contents = jQuery(this).contents().find(&lsquo;*&rsquo;).html();var is_postback = contents.indexOf(&lsquo;GF_AJAX_POSTBACK&rsquo;) >= 0;if(!is_postback){return;}var form_content = jQuery(this).contents().find(&lsquo;#gform_wrapper_4&rsquo;);var is_confirmation = jQuery(this).contents().find(&lsquo;#gform_confirmation_wrapper_4&rsquo;).length > 0;var is_redirect = contents.indexOf(&lsquo;gformRedirect(){&lsquo;) >= 0;var is_form = form_content.length > 0 &#038;&#038; ! is_redirect &#038;&#038; ! is_confirmation;if(is_form){jQuery(&lsquo;#gform_wrapper_4&rsquo;).html(form_content.html());if(form_content.hasClass(&lsquo;gform_validation_error&rsquo;)){jQuery(&lsquo;#gform_wrapper_4&rsquo;).addClass(&lsquo;gform_validation_error&rsquo;);} else {jQuery(&lsquo;#gform_wrapper_4&rsquo;).removeClass(&lsquo;gform_validation_error&rsquo;);}setTimeout( function() { \/* delay the scroll by 50 milliseconds to fix a bug in chrome *\/ jQuery(document).scrollTop(jQuery(&lsquo;#gform_wrapper_4&rsquo;).offset().top); }, 50 );if(window[&lsquo;gformInitDatepicker&rsquo;]) {gformInitDatepicker();}if(window[&lsquo;gformInitPriceFields&rsquo;]) {gformInitPriceFields();}var current_page = jQuery(&lsquo;#gform_source_page_number_4&rsquo;).val();gformInitSpinner( 4, &lsquo;http:\/\/phibopress.com\/wp-content\/plugins\/gravityforms\/images\/spinner.gif&rsquo; );jQuery(document).trigger(&lsquo;gform_page_loaded&rsquo;, [4, current_page]);window[&lsquo;gf_submitting_4&rsquo;] = false;}else if(!is_redirect){var confirmation_content = jQuery(this).contents().find(&lsquo;.GF_AJAX_POSTBACK&rsquo;).html();if(!confirmation_content){confirmation_content = contents;}setTimeout(function(){jQuery(&lsquo;#gform_wrapper_4&rsquo;).replaceWith(confirmation_content);jQuery(document).scrollTop(jQuery(&lsquo;#gf_4&rsquo;).offset().top);jQuery(document).trigger(&lsquo;gform_confirmation_loaded&rsquo;, [4]);window[&lsquo;gf_submitting_4&rsquo;] = false;}, 50);}else{jQuery(&lsquo;#gform_4&rsquo;).append(contents);if(window[&lsquo;gformRedirect&rsquo;]) {gformRedirect();}}jQuery(document).trigger(&lsquo;gform_post_render&rsquo;, [4, current_page]);} );} ); if(typeof gf_global == &lsquo;undefined&rsquo;) var gf_global = {\u00ab\u00a0gf_currency_config\u00a0\u00bb:{\u00ab\u00a0name\u00a0\u00bb:\u00a0\u00bbU.S. Dollar\u00a0\u00bb,\u00a0\u00bbsymbol_left\u00a0\u00bb:\u00a0\u00bb$\u00a0\u00bb,\u00a0\u00bbsymbol_right\u00a0\u00bb:\u00a0\u00bb\u00a0\u00bb,\u00a0\u00bbsymbol_padding\u00a0\u00bb:\u00a0\u00bb\u00a0\u00bb,\u00a0\u00bbthousand_separator\u00a0\u00bb:\u00a0\u00bb,\u00a0\u00bb,\u00a0\u00bbdecimal_separator\u00a0\u00bb:\u00a0\u00bb.\u00a0\u00bb,\u00a0\u00bbdecimals\u00a0\u00bb:2},\u00a0\u00bbbase_url\u00a0\u00bb:\u00a0\u00bbhttp:\/\/phibopress.com\/wp-content\/plugins\/gravityforms\u00a0\u00bb,\u00a0\u00bbnumber_formats\u00a0\u00bb:[],\u00a0\u00bbspinnerUrl\u00a0\u00bb:\u00a0\u00bbhttp:\/\/phibopress.com\/wp-content\/plugins\/gravityforms\/images\/spinner.gif\u00a0\u00bb};jQuery(document).bind(&lsquo;gform_post_render&rsquo;, function(event, formId, currentPage){if(formId == 4) {jQuery(&lsquo;#input_4_4&rsquo;).mask(&lsquo;(999) 999-9999&rsquo;).bind(&lsquo;keypress&rsquo;, function(e){if(e.which == 13){jQuery(this).blur();} } );} } );jQuery(document).bind(&lsquo;gform_post_conditional_logic&rsquo;, function(event, formId, fields, isInit){} ); jQuery(document).ready(function(){jQuery(document).trigger(&lsquo;gform_post_render&rsquo;, [4, 1]) } ); <\/p>\n<p style=\"text-align: center;\"><img loading=\"lazy\" decoding=\"async\" class=\"alignnone size-full wp-image-153\" src=\"http:\/\/phibopress.com\/wp-content\/uploads\/2018\/03\/Layer-15.png\" alt=\"\" width=\"38\" height=\"38\" \/><a href=\"tel:+320477246443\">+32(0)477 24 64 43<\/a><\/p>\n<p><!-- 5a9eb381e7ceebe50c15a92ea2c5ca04 --><\/div>\n","protected":false},"excerpt":{"rendered":"<p>Persrelaties Pourquoi&#8230; &nbsp; &#8230;\u00a0appuyer sur les relations presse ? augmenter votre notori\u00e9t\u00e9 confirmer votre image de marque aux clients existants promouvoir une image positive et professionnelle aupr\u00e8s de vos prospects support id\u00e9al pour les campagnes de marketing simultan\u00e9es l&rsquo;attention des m\u00e9dias constitue un atout dans le potentiel d&rsquo;attirer des clients et investisseurs potentiels la m\u00e9diatisation [&hellip;]<\/p>\n","protected":false},"author":1,"featured_media":0,"parent":0,"menu_order":0,"comment_status":"closed","ping_status":"closed","template":"visual-builder-template.php","meta":{"footnotes":""},"class_list":["post-617","page","type-page","status-publish","hentry"],"yoast_head":"<!-- This site is optimized with the Yoast SEO plugin v26.5 - https:\/\/yoast.com\/wordpress\/plugins\/seo\/ -->\n<title>Relations presse - Phibopress.be - Perscommunicatie<\/title>\n<meta name=\"description\" content=\"Wij zijn graag uw gids en intermediair tussen uzelf en de journalisten van de geschreven en audiovisuele pers, om proactief en resultaatgericht een duurzame relatie op te bouwen.\" \/>\n<meta name=\"robots\" content=\"index, follow, max-snippet:-1, max-image-preview:large, max-video-preview:-1\" \/>\n<link rel=\"canonical\" href=\"https:\/\/phibopress.com\/fr\/relations-presse\/\" \/>\n<meta property=\"og:locale\" content=\"fr_FR\" \/>\n<meta property=\"og:type\" content=\"article\" \/>\n<meta property=\"og:title\" content=\"Relations presse - Phibopress.be - Perscommunicatie\" \/>\n<meta property=\"og:description\" content=\"Wij zijn graag uw gids en intermediair tussen uzelf en de journalisten van de geschreven en audiovisuele pers, om proactief en resultaatgericht een duurzame relatie op te bouwen.\" \/>\n<meta property=\"og:url\" content=\"https:\/\/phibopress.com\/fr\/relations-presse\/\" \/>\n<meta property=\"og:site_name\" content=\"Phibopress.be - Perscommunicatie\" \/>\n<meta property=\"article:modified_time\" content=\"2019-05-07T13:34:53+00:00\" \/>\n<meta property=\"og:image\" content=\"http:\/\/phibopress.com\/wp-content\/uploads\/2018\/03\/Layer-11.png\" \/>\n<meta name=\"twitter:card\" content=\"summary_large_image\" \/>\n<meta name=\"twitter:label1\" content=\"Dur\u00e9e de lecture estim\u00e9e\" \/>\n\t<meta name=\"twitter:data1\" content=\"5 minutes\" \/>\n<script type=\"application\/ld+json\" class=\"yoast-schema-graph\">{\"@context\":\"https:\/\/schema.org\",\"@graph\":[{\"@type\":\"WebPage\",\"@id\":\"https:\/\/phibopress.com\/fr\/relations-presse\/\",\"url\":\"https:\/\/phibopress.com\/fr\/relations-presse\/\",\"name\":\"Relations presse - Phibopress.be - Perscommunicatie\",\"isPartOf\":{\"@id\":\"https:\/\/phibopress.com\/#website\"},\"primaryImageOfPage\":{\"@id\":\"https:\/\/phibopress.com\/fr\/relations-presse\/#primaryimage\"},\"image\":{\"@id\":\"https:\/\/phibopress.com\/fr\/relations-presse\/#primaryimage\"},\"thumbnailUrl\":\"http:\/\/phibopress.com\/wp-content\/uploads\/2018\/03\/Layer-11.png\",\"datePublished\":\"2018-03-28T14:03:56+00:00\",\"dateModified\":\"2019-05-07T13:34:53+00:00\",\"description\":\"Wij zijn graag uw gids en intermediair tussen uzelf en de journalisten van de geschreven en audiovisuele pers, om proactief en resultaatgericht een duurzame relatie op te bouwen.\",\"breadcrumb\":{\"@id\":\"https:\/\/phibopress.com\/fr\/relations-presse\/#breadcrumb\"},\"inLanguage\":\"fr-FR\",\"potentialAction\":[{\"@type\":\"ReadAction\",\"target\":[\"https:\/\/phibopress.com\/fr\/relations-presse\/\"]}]},{\"@type\":\"ImageObject\",\"inLanguage\":\"fr-FR\",\"@id\":\"https:\/\/phibopress.com\/fr\/relations-presse\/#primaryimage\",\"url\":\"http:\/\/phibopress.com\/wp-content\/uploads\/2018\/03\/Layer-11.png\",\"contentUrl\":\"http:\/\/phibopress.com\/wp-content\/uploads\/2018\/03\/Layer-11.png\"},{\"@type\":\"BreadcrumbList\",\"@id\":\"https:\/\/phibopress.com\/fr\/relations-presse\/#breadcrumb\",\"itemListElement\":[{\"@type\":\"ListItem\",\"position\":1,\"name\":\"Home\",\"item\":\"https:\/\/phibopress.com\/fr\/\"},{\"@type\":\"ListItem\",\"position\":2,\"name\":\"Relations presse\"}]},{\"@type\":\"WebSite\",\"@id\":\"https:\/\/phibopress.com\/#website\",\"url\":\"https:\/\/phibopress.com\/\",\"name\":\"Phibopress.be - Perscommunicatie\",\"description\":\"\",\"potentialAction\":[{\"@type\":\"SearchAction\",\"target\":{\"@type\":\"EntryPoint\",\"urlTemplate\":\"https:\/\/phibopress.com\/?s={search_term_string}\"},\"query-input\":{\"@type\":\"PropertyValueSpecification\",\"valueRequired\":true,\"valueName\":\"search_term_string\"}}],\"inLanguage\":\"fr-FR\"}]}<\/script>\n<!-- \/ Yoast SEO plugin. -->","yoast_head_json":{"title":"Relations presse - Phibopress.be - Perscommunicatie","description":"Wij zijn graag uw gids en intermediair tussen uzelf en de journalisten van de geschreven en audiovisuele pers, om proactief en resultaatgericht een duurzame relatie op te bouwen.","robots":{"index":"index","follow":"follow","max-snippet":"max-snippet:-1","max-image-preview":"max-image-preview:large","max-video-preview":"max-video-preview:-1"},"canonical":"https:\/\/phibopress.com\/fr\/relations-presse\/","og_locale":"fr_FR","og_type":"article","og_title":"Relations presse - Phibopress.be - Perscommunicatie","og_description":"Wij zijn graag uw gids en intermediair tussen uzelf en de journalisten van de geschreven en audiovisuele pers, om proactief en resultaatgericht een duurzame relatie op te bouwen.","og_url":"https:\/\/phibopress.com\/fr\/relations-presse\/","og_site_name":"Phibopress.be - Perscommunicatie","article_modified_time":"2019-05-07T13:34:53+00:00","og_image":[{"url":"http:\/\/phibopress.com\/wp-content\/uploads\/2018\/03\/Layer-11.png","type":"","width":"","height":""}],"twitter_card":"summary_large_image","twitter_misc":{"Dur\u00e9e de lecture estim\u00e9e":"5 minutes"},"schema":{"@context":"https:\/\/schema.org","@graph":[{"@type":"WebPage","@id":"https:\/\/phibopress.com\/fr\/relations-presse\/","url":"https:\/\/phibopress.com\/fr\/relations-presse\/","name":"Relations presse - Phibopress.be - Perscommunicatie","isPartOf":{"@id":"https:\/\/phibopress.com\/#website"},"primaryImageOfPage":{"@id":"https:\/\/phibopress.com\/fr\/relations-presse\/#primaryimage"},"image":{"@id":"https:\/\/phibopress.com\/fr\/relations-presse\/#primaryimage"},"thumbnailUrl":"http:\/\/phibopress.com\/wp-content\/uploads\/2018\/03\/Layer-11.png","datePublished":"2018-03-28T14:03:56+00:00","dateModified":"2019-05-07T13:34:53+00:00","description":"Wij zijn graag uw gids en intermediair tussen uzelf en de journalisten van de geschreven en audiovisuele pers, om proactief en resultaatgericht een duurzame relatie op te bouwen.","breadcrumb":{"@id":"https:\/\/phibopress.com\/fr\/relations-presse\/#breadcrumb"},"inLanguage":"fr-FR","potentialAction":[{"@type":"ReadAction","target":["https:\/\/phibopress.com\/fr\/relations-presse\/"]}]},{"@type":"ImageObject","inLanguage":"fr-FR","@id":"https:\/\/phibopress.com\/fr\/relations-presse\/#primaryimage","url":"http:\/\/phibopress.com\/wp-content\/uploads\/2018\/03\/Layer-11.png","contentUrl":"http:\/\/phibopress.com\/wp-content\/uploads\/2018\/03\/Layer-11.png"},{"@type":"BreadcrumbList","@id":"https:\/\/phibopress.com\/fr\/relations-presse\/#breadcrumb","itemListElement":[{"@type":"ListItem","position":1,"name":"Home","item":"https:\/\/phibopress.com\/fr\/"},{"@type":"ListItem","position":2,"name":"Relations presse"}]},{"@type":"WebSite","@id":"https:\/\/phibopress.com\/#website","url":"https:\/\/phibopress.com\/","name":"Phibopress.be - Perscommunicatie","description":"","potentialAction":[{"@type":"SearchAction","target":{"@type":"EntryPoint","urlTemplate":"https:\/\/phibopress.com\/?s={search_term_string}"},"query-input":{"@type":"PropertyValueSpecification","valueRequired":true,"valueName":"search_term_string"}}],"inLanguage":"fr-FR"}]}},"_links":{"self":[{"href":"https:\/\/phibopress.com\/fr\/wp-json\/wp\/v2\/pages\/617","targetHints":{"allow":["GET"]}}],"collection":[{"href":"https:\/\/phibopress.com\/fr\/wp-json\/wp\/v2\/pages"}],"about":[{"href":"https:\/\/phibopress.com\/fr\/wp-json\/wp\/v2\/types\/page"}],"author":[{"embeddable":true,"href":"https:\/\/phibopress.com\/fr\/wp-json\/wp\/v2\/users\/1"}],"replies":[{"embeddable":true,"href":"https:\/\/phibopress.com\/fr\/wp-json\/wp\/v2\/comments?post=617"}],"version-history":[{"count":5,"href":"https:\/\/phibopress.com\/fr\/wp-json\/wp\/v2\/pages\/617\/revisions"}],"predecessor-version":[{"id":674,"href":"https:\/\/phibopress.com\/fr\/wp-json\/wp\/v2\/pages\/617\/revisions\/674"}],"wp:attachment":[{"href":"https:\/\/phibopress.com\/fr\/wp-json\/wp\/v2\/media?parent=617"}],"curies":[{"name":"wp","href":"https:\/\/api.w.org\/{rel}","templated":true}]}}