{"id":565,"date":"2017-10-27T18:11:22","date_gmt":"2017-10-27T18:11:22","guid":{"rendered":"http:\/\/phibopress.com\/home\/"},"modified":"2019-04-08T10:08:12","modified_gmt":"2019-04-08T10:08:12","slug":"home","status":"publish","type":"page","link":"https:\/\/phibopress.com\/fr\/","title":{"rendered":"Home"},"content":{"rendered":"<div class=\"fw-page-builder-content\">div#n2-ss-1{width:1200px;float:left;margin:0px 0px 0px 0px;}html[dir=\u00a0\u00bbrtl\u00a0\u00bb] div#n2-ss-1{float:right;}div#n2-ss-1 .n2-ss-slider-1{position:relative;padding-top:0px;padding-right:0px;padding-bottom:0px;padding-left:0px;height:640px;border-style:solid;border-width:0px;border-color:#3e3e3e;border-color:RGBA(62,62,62,1);border-radius:0px;background-clip:padding-box;background-repeat:repeat;background-position:50% 50%;background-size:cover;background-attachment:scroll;}div#n2-ss-1 .n2-ss-slider-background-video-container{position:absolute;left:0;top:0;width:100%;height:100%;overflow:hidden;}div#n2-ss-1 .n2-ss-slider-2{position:relative;width:100%;height:100%;}.x-firefox div#n2-ss-1 .n2-ss-slider-2{opacity:0.99999;}div#n2-ss-1 .n2-ss-slider-3{position:relative;width:100%;height:100%;overflow:hidden;outline:1px solid rgba(0,0,0,0);z-index:10;}div#n2-ss-1 .n2-ss-slide-backgrounds,div#n2-ss-1 .n2-ss-slider-3 > .n-particles-js-canvas-el,div#n2-ss-1 .n2-ss-slider-3 > .n2-ss-divider{position:absolute;left:0;top:0;width:100%;height:100%;}div#n2-ss-1 .n2-ss-slide-backgrounds{z-index:10;}div#n2-ss-1 .n2-ss-slider-3 > .n-particles-js-canvas-el{z-index:12;}div#n2-ss-1 .n2-ss-slide-backgrounds > *{overflow:hidden;}div#n2-ss-1 .n2-ss-slide{position:absolute;top:0;left:0;width:100%;height:100%;z-index:20;display:block;-webkit-backface-visibility:hidden;}div#n2-ss-1 .n2-ss-layers-container{position:relative;width:1200px;height:640px;}div#n2-ss-1 .n2-ss-parallax-clip > .n2-ss-layers-container{position:absolute;right:0;}div#n2-ss-1 .n2-ss-slide{perspective:1000px;}div#n2-ss-1[data-ie] .n2-ss-slide{perspective:none;transform:perspective(1000px);}div#n2-ss-1 .n2-ss-slide-active{z-index:21;}div#n2-ss-1 .n2-ss-layer .n2-font-7837603fc918b7a8c980a9e8c0028040-hover{font-family: &lsquo;Verdana&rsquo;;color: #fdb515;font-size:225%;text-shadow: none;line-height: 1;font-weight: normal;font-style: normal;text-decoration: none;text-align: center;letter-spacing: 0;word-spacing: normal;text-transform: none;}div#n2-ss-1 .n2-style-7cb0e5fbcf68c57a7a2c19c15e890f9f-heading{background: #ffffff;background: RGBA(255,255,255,0);opacity:1;padding:0.8em 1em 0.8em 1em ;box-shadow: none;border-width: 0px;border-style: solid;border-color: #000000; border-color: RGBA(0,0,0,0);border-radius:0px;}<br \/>\n <img decoding=\"async\" data-hash=\"7e31d6f6fc1c737e79a6f861a86432e8\" data-desktop=\"\/\/phibopress.com\/wp-content\/uploads\/2018\/03\/yellow-vlak.png\" data-blur=\"0\" data-opacity=\"100\" data-x=\"50\" data-y=\"50\" src=\"\/\/phibopress.com\/wp-content\/uploads\/2018\/03\/yellow-vlak.png\" alt=\"\" \/><\/p>\n<h1 id=\"n2-ss-1item1\" class=\"n2-font-7837603fc918b7a8c980a9e8c0028040-hover n2-style-7cb0e5fbcf68c57a7a2c19c15e890f9f-heading n2-ss-item-content n2-ow\" style=\"display:inline-block;\">Your missing link with the media<\/h1>\n<p> <img decoding=\"async\" style=\"width: 100%; max-width:3000px; display: block;opacity:0;margin:0px;\" class=\"n2-ow\" src=\"data:image\/svg+xml;base64,PHN2ZyB4bWxucz0iaHR0cDovL3d3dy53My5vcmcvMjAwMC9zdmciIHZlcnNpb249IjEuMCIgd2lkdGg9IjEyMDAiIGhlaWdodD0iNjQwIiA+PC9zdmc+\" alt=\"Slider\" \/> <\/p>\n<h2><img loading=\"lazy\" decoding=\"async\" class=\"size-full wp-image-112 alignleft\" src=\"http:\/\/phibopress.com\/wp-content\/uploads\/2018\/03\/megaphon.png\" alt=\"\" width=\"66\" height=\"61\" \/>Intro<\/h2>\n<p style=\"font-weight: 400;\">La communication de presse signifie pour beaucoup d&rsquo;entreprises un d\u00e9fi et un effort qui doivent \u00eatre maintenus \u00e0 long terme dans le cadre de la gestion de leur r\u00e9putation.<\/p>\n<p style=\"font-weight: 400;\">G\u00e9n\u00e9rer l\u2019int\u00e9r\u00eat des m\u00e9dia, se d\u00e9marquer dans l&rsquo;offre exc\u00e9dentaire des nouvelles : tel est le message !<\/p>\n<p style=\"font-weight: 400;\">Apr\u00e8s tout, les m\u00e9dias d\u00e9terminent votre image corporative. Mais souvent, vous ne disposez ni du temps ni des comp\u00e9tences afin de g\u00e9rer cette communication.<\/p>\n<p style=\"font-weight: 400;\">Notre objectif : devenir votre guide et interm\u00e9diaire avec les journalistes de la presse \u00e9crite, audiovisuelle, en ligne, et blogueurs, afin de construire une relation durable de mani\u00e8re proactive et orient\u00e9e sur les r\u00e9sultats.<\/p>\n<p> <a href=\"\/fr\/relations-presse\/\" target=\"_self\" class=\"fw-btn tf-sh-4722de86428d6d8f4c678f5e759c52ca fw-btn-md fw-btn-side-by-side fw-btn-1\" style=\"\"><br \/>\n Pourquoi appuyer sur les relations presse ?<br \/>\n <\/a><br \/>\n <img decoding=\"async\" src=\"https:\/\/phibopress.com\/wp-content\/uploads\/2018\/03\/shutterstock_376505077.png\" alt=\"shutterstock_376505077\" data-maxdpr=\"1.7\" class=\"lazyload\" \/><br \/>\n <img decoding=\"async\" src=\"https:\/\/phibopress.com\/wp-content\/uploads\/2018\/03\/Layer-1.png\" alt=\"Layer-1\" data-maxdpr=\"1.7\" width=\"67\" class=\"lazyload\" \/> <\/p>\n<p style=\"text-align: center;\">Lorem ipsum dolor sit amet, consectetur adipiscing elit. Sed consequat diam in dignissim viverra. Morbi nibh enim,nunc luctus, suscipit sagittis eros. Aenean ligula sem, suscipit in ligula non, blandit laoreet elit. Suspendisse potenti. Quisque scelerisque a sem et tempor. Duis sem eros, malesuada at sollicitudin non.<\/p>\n<p style=\"text-align: center;\"><a href=\"tel:+320477246443\">+32(0)477 24 64 43 <\/a><\/p>\n<p> <img decoding=\"async\" src=\"https:\/\/phibopress.com\/wp-content\/uploads\/2018\/03\/puzzle.png\" alt=\"puzzle\" data-maxdpr=\"1.7\" width=\"73\" class=\"lazyload\" \/> <\/p>\n<h3 class=\"fw-special-title\">Phibo<\/h3>\n<p style=\"text-align: center;\">Pourquoi devriez-vous travailler avec nous?<\/p>\n<p> <a href=\"https:\/\/phibopress.com\/fr\/pourquoi\/\" target=\"_self\" class=\"fw-btn tf-sh-2f2b067e2f3b7d02d1579d38659ca943 fw-btn-md fw-btn-1\" style=\"\"><br \/>\n Plus<br \/>\n <\/a><br \/>\n <img decoding=\"async\" src=\"https:\/\/phibopress.com\/wp-content\/uploads\/2018\/03\/antenna.png\" alt=\"antenna\" data-maxdpr=\"1.7\" width=\"73\" class=\"lazyload\" \/> <\/p>\n<h3 class=\"fw-special-title\">Quoi<\/h3>\n<p style=\"text-align: center;\">Les campagnes de presse de A \u00e0 Z<\/p>\n<p> <a href=\"https:\/\/phibopress.com\/fr\/quoi\/\" target=\"_self\" class=\"fw-btn tf-sh-65304f407103d9a696f8206dcbf92005 fw-btn-md fw-btn-1\" style=\"\"><br \/>\n Plus<br \/>\n <\/a><br \/>\n <img decoding=\"async\" src=\"https:\/\/phibopress.com\/wp-content\/uploads\/2018\/03\/newspaper.png\" alt=\"newspaper\" data-maxdpr=\"1.7\" width=\"73\" class=\"lazyload\" \/> <\/p>\n<h3 class=\"fw-special-title\">M\u00e9thode<\/h3>\n<p style=\"text-align: center;\">Notre m\u00e9thode de travail&#8230;<\/p>\n<p> <a href=\"\/fr\/methode\/\" target=\"_self\" class=\"fw-btn tf-sh-191e4d2d19edb166fc2f01c8a3d27681 fw-btn-md fw-btn-1\" style=\"\"><br \/>\n Plus<br \/>\n <\/a><\/p>\n<p><!-- 25dac1f12dff5e4d6a0a7bf3298278ae --><\/div>\n","protected":false},"excerpt":{"rendered":"<p>div#n2-ss-1{width:1200px;float:left;margin:0px 0px 0px 0px;}html[dir=\u00a0\u00bbrtl\u00a0\u00bb] div#n2-ss-1{float:right;}div#n2-ss-1 .n2-ss-slider-1{position:relative;padding-top:0px;padding-right:0px;padding-bottom:0px;padding-left:0px;height:640px;border-style:solid;border-width:0px;border-color:#3e3e3e;border-color:RGBA(62,62,62,1);border-radius:0px;background-clip:padding-box;background-repeat:repeat;background-position:50% 50%;background-size:cover;background-attachment:scroll;}div#n2-ss-1 .n2-ss-slider-background-video-container{position:absolute;left:0;top:0;width:100%;height:100%;overflow:hidden;}div#n2-ss-1 .n2-ss-slider-2{position:relative;width:100%;height:100%;}.x-firefox div#n2-ss-1 .n2-ss-slider-2{opacity:0.99999;}div#n2-ss-1 .n2-ss-slider-3{position:relative;width:100%;height:100%;overflow:hidden;outline:1px solid rgba(0,0,0,0);z-index:10;}div#n2-ss-1 .n2-ss-slide-backgrounds,div#n2-ss-1 .n2-ss-slider-3 > .n-particles-js-canvas-el,div#n2-ss-1 .n2-ss-slider-3 > .n2-ss-divider{position:absolute;left:0;top:0;width:100%;height:100%;}div#n2-ss-1 .n2-ss-slide-backgrounds{z-index:10;}div#n2-ss-1 .n2-ss-slider-3 > .n-particles-js-canvas-el{z-index:12;}div#n2-ss-1 .n2-ss-slide-backgrounds > *{overflow:hidden;}div#n2-ss-1 .n2-ss-slide{position:absolute;top:0;left:0;width:100%;height:100%;z-index:20;display:block;-webkit-backface-visibility:hidden;}div#n2-ss-1 .n2-ss-layers-container{position:relative;width:1200px;height:640px;}div#n2-ss-1 .n2-ss-parallax-clip > .n2-ss-layers-container{position:absolute;right:0;}div#n2-ss-1 .n2-ss-slide{perspective:1000px;}div#n2-ss-1[data-ie] .n2-ss-slide{perspective:none;transform:perspective(1000px);}div#n2-ss-1 .n2-ss-slide-active{z-index:21;}div#n2-ss-1 .n2-ss-layer .n2-font-7837603fc918b7a8c980a9e8c0028040-hover{font-family: &lsquo;Verdana&rsquo;;color: #fdb515;font-size:225%;text-shadow: none;line-height: 1;font-weight: normal;font-style: normal;text-decoration: none;text-align: center;letter-spacing: 0;word-spacing: normal;text-transform: none;}div#n2-ss-1 .n2-style-7cb0e5fbcf68c57a7a2c19c15e890f9f-heading{background: #ffffff;background: RGBA(255,255,255,0);opacity:1;padding:0.8em 1em 0.8em 1em [&hellip;]<\/p>\n","protected":false},"author":1,"featured_media":0,"parent":0,"menu_order":0,"comment_status":"closed","ping_status":"closed","template":"visual-builder-template.php","meta":{"footnotes":""},"class_list":["post-565","page","type-page","status-publish","hentry"],"yoast_head":"<!-- This site is optimized with the Yoast SEO plugin v26.5 - https:\/\/yoast.com\/wordpress\/plugins\/seo\/ -->\n<title>Home - Phibopress.be - Perscommunicatie<\/title>\n<meta name=\"description\" content=\"Wij verzorgen uw perscommunicatie voor een verhoogde mediabelangstelling en als ondersteuning van uw communicatiemix en uw reputatiemanagement\" \/>\n<meta name=\"robots\" content=\"index, follow, max-snippet:-1, max-image-preview:large, max-video-preview:-1\" \/>\n<link rel=\"canonical\" href=\"https:\/\/phibopress.com\/fr\/\" \/>\n<meta property=\"og:locale\" content=\"fr_FR\" \/>\n<meta property=\"og:type\" content=\"article\" \/>\n<meta property=\"og:title\" content=\"Home - Phibopress.be - Perscommunicatie\" \/>\n<meta property=\"og:description\" content=\"Wij verzorgen uw perscommunicatie voor een verhoogde mediabelangstelling en als ondersteuning van uw communicatiemix en uw reputatiemanagement\" \/>\n<meta property=\"og:url\" content=\"https:\/\/phibopress.com\/fr\/\" \/>\n<meta property=\"og:site_name\" content=\"Phibopress.be - Perscommunicatie\" \/>\n<meta property=\"article:modified_time\" content=\"2019-04-08T10:08:12+00:00\" \/>\n<meta property=\"og:image\" content=\"\/\/phibopress.com\/wp-content\/uploads\/2018\/03\/yellow-vlak.png\" \/>\n<meta name=\"twitter:card\" content=\"summary_large_image\" \/>\n<meta name=\"twitter:label1\" content=\"Dur\u00e9e de lecture estim\u00e9e\" \/>\n\t<meta name=\"twitter:data1\" content=\"2 minutes\" \/>\n<script type=\"application\/ld+json\" class=\"yoast-schema-graph\">{\"@context\":\"https:\/\/schema.org\",\"@graph\":[{\"@type\":\"WebPage\",\"@id\":\"https:\/\/phibopress.com\/fr\/\",\"url\":\"https:\/\/phibopress.com\/fr\/\",\"name\":\"Home - Phibopress.be - Perscommunicatie\",\"isPartOf\":{\"@id\":\"https:\/\/phibopress.com\/#website\"},\"primaryImageOfPage\":{\"@id\":\"https:\/\/phibopress.com\/fr\/#primaryimage\"},\"image\":{\"@id\":\"https:\/\/phibopress.com\/fr\/#primaryimage\"},\"thumbnailUrl\":\"http:\/\/phibopress.com\/wp-content\/uploads\/2018\/03\/megaphon.png\",\"datePublished\":\"2017-10-27T18:11:22+00:00\",\"dateModified\":\"2019-04-08T10:08:12+00:00\",\"description\":\"Wij verzorgen uw perscommunicatie voor een verhoogde mediabelangstelling en als ondersteuning van uw communicatiemix en uw reputatiemanagement\",\"breadcrumb\":{\"@id\":\"https:\/\/phibopress.com\/fr\/#breadcrumb\"},\"inLanguage\":\"fr-FR\",\"potentialAction\":[{\"@type\":\"ReadAction\",\"target\":[\"https:\/\/phibopress.com\/fr\/\"]}]},{\"@type\":\"ImageObject\",\"inLanguage\":\"fr-FR\",\"@id\":\"https:\/\/phibopress.com\/fr\/#primaryimage\",\"url\":\"http:\/\/phibopress.com\/wp-content\/uploads\/2018\/03\/megaphon.png\",\"contentUrl\":\"http:\/\/phibopress.com\/wp-content\/uploads\/2018\/03\/megaphon.png\"},{\"@type\":\"BreadcrumbList\",\"@id\":\"https:\/\/phibopress.com\/fr\/#breadcrumb\",\"itemListElement\":[{\"@type\":\"ListItem\",\"position\":1,\"name\":\"Home\",\"item\":\"https:\/\/phibopress.com\/fr\/\"},{\"@type\":\"ListItem\",\"position\":2,\"name\":\"Home\"}]},{\"@type\":\"WebSite\",\"@id\":\"https:\/\/phibopress.com\/#website\",\"url\":\"https:\/\/phibopress.com\/\",\"name\":\"Phibopress.be - Perscommunicatie\",\"description\":\"\",\"potentialAction\":[{\"@type\":\"SearchAction\",\"target\":{\"@type\":\"EntryPoint\",\"urlTemplate\":\"https:\/\/phibopress.com\/?s={search_term_string}\"},\"query-input\":{\"@type\":\"PropertyValueSpecification\",\"valueRequired\":true,\"valueName\":\"search_term_string\"}}],\"inLanguage\":\"fr-FR\"}]}<\/script>\n<!-- \/ Yoast SEO plugin. -->","yoast_head_json":{"title":"Home - Phibopress.be - Perscommunicatie","description":"Wij verzorgen uw perscommunicatie voor een verhoogde mediabelangstelling en als ondersteuning van uw communicatiemix en uw reputatiemanagement","robots":{"index":"index","follow":"follow","max-snippet":"max-snippet:-1","max-image-preview":"max-image-preview:large","max-video-preview":"max-video-preview:-1"},"canonical":"https:\/\/phibopress.com\/fr\/","og_locale":"fr_FR","og_type":"article","og_title":"Home - Phibopress.be - Perscommunicatie","og_description":"Wij verzorgen uw perscommunicatie voor een verhoogde mediabelangstelling en als ondersteuning van uw communicatiemix en uw reputatiemanagement","og_url":"https:\/\/phibopress.com\/fr\/","og_site_name":"Phibopress.be - Perscommunicatie","article_modified_time":"2019-04-08T10:08:12+00:00","og_image":[{"url":"\/\/phibopress.com\/wp-content\/uploads\/2018\/03\/yellow-vlak.png","type":"","width":"","height":""}],"twitter_card":"summary_large_image","twitter_misc":{"Dur\u00e9e de lecture estim\u00e9e":"2 minutes"},"schema":{"@context":"https:\/\/schema.org","@graph":[{"@type":"WebPage","@id":"https:\/\/phibopress.com\/fr\/","url":"https:\/\/phibopress.com\/fr\/","name":"Home - Phibopress.be - Perscommunicatie","isPartOf":{"@id":"https:\/\/phibopress.com\/#website"},"primaryImageOfPage":{"@id":"https:\/\/phibopress.com\/fr\/#primaryimage"},"image":{"@id":"https:\/\/phibopress.com\/fr\/#primaryimage"},"thumbnailUrl":"http:\/\/phibopress.com\/wp-content\/uploads\/2018\/03\/megaphon.png","datePublished":"2017-10-27T18:11:22+00:00","dateModified":"2019-04-08T10:08:12+00:00","description":"Wij verzorgen uw perscommunicatie voor een verhoogde mediabelangstelling en als ondersteuning van uw communicatiemix en uw reputatiemanagement","breadcrumb":{"@id":"https:\/\/phibopress.com\/fr\/#breadcrumb"},"inLanguage":"fr-FR","potentialAction":[{"@type":"ReadAction","target":["https:\/\/phibopress.com\/fr\/"]}]},{"@type":"ImageObject","inLanguage":"fr-FR","@id":"https:\/\/phibopress.com\/fr\/#primaryimage","url":"http:\/\/phibopress.com\/wp-content\/uploads\/2018\/03\/megaphon.png","contentUrl":"http:\/\/phibopress.com\/wp-content\/uploads\/2018\/03\/megaphon.png"},{"@type":"BreadcrumbList","@id":"https:\/\/phibopress.com\/fr\/#breadcrumb","itemListElement":[{"@type":"ListItem","position":1,"name":"Home","item":"https:\/\/phibopress.com\/fr\/"},{"@type":"ListItem","position":2,"name":"Home"}]},{"@type":"WebSite","@id":"https:\/\/phibopress.com\/#website","url":"https:\/\/phibopress.com\/","name":"Phibopress.be - Perscommunicatie","description":"","potentialAction":[{"@type":"SearchAction","target":{"@type":"EntryPoint","urlTemplate":"https:\/\/phibopress.com\/?s={search_term_string}"},"query-input":{"@type":"PropertyValueSpecification","valueRequired":true,"valueName":"search_term_string"}}],"inLanguage":"fr-FR"}]}},"_links":{"self":[{"href":"https:\/\/phibopress.com\/fr\/wp-json\/wp\/v2\/pages\/565","targetHints":{"allow":["GET"]}}],"collection":[{"href":"https:\/\/phibopress.com\/fr\/wp-json\/wp\/v2\/pages"}],"about":[{"href":"https:\/\/phibopress.com\/fr\/wp-json\/wp\/v2\/types\/page"}],"author":[{"embeddable":true,"href":"https:\/\/phibopress.com\/fr\/wp-json\/wp\/v2\/users\/1"}],"replies":[{"embeddable":true,"href":"https:\/\/phibopress.com\/fr\/wp-json\/wp\/v2\/comments?post=565"}],"version-history":[{"count":3,"href":"https:\/\/phibopress.com\/fr\/wp-json\/wp\/v2\/pages\/565\/revisions"}],"predecessor-version":[{"id":655,"href":"https:\/\/phibopress.com\/fr\/wp-json\/wp\/v2\/pages\/565\/revisions\/655"}],"wp:attachment":[{"href":"https:\/\/phibopress.com\/fr\/wp-json\/wp\/v2\/media?parent=565"}],"curies":[{"name":"wp","href":"https:\/\/api.w.org\/{rel}","templated":true}]}}